
{"id":30,"date":"2022-08-10T15:00:53","date_gmt":"2022-08-10T15:00:53","guid":{"rendered":"https:\/\/gillmanfest.com.ve\/ccs-2025-xx-aniversario\/?page_id=30"},"modified":"2025-04-20T21:01:00","modified_gmt":"2025-04-20T21:01:00","slug":"reglamento","status":"publish","type":"page","link":"https:\/\/gillmanfest.com.ve\/ccs-2025-xx-aniversario\/reglamento\/","title":{"rendered":"REGLAMENTO"},"content":{"rendered":"<p><img decoding=\"async\" src=\"https:\/\/gillmanfest.com.ve\/caracas-2025\/GF-CCS-2025.png\" oncopy=\"alert('Funci\u00f3n no permitida');return false\" oncontextmenu=\"alert('Funci\u00f3n no permitida');return false\" title=\"GILLMANFEST CARACAS 2025\" width=\"700\"><\/a><\/p>\n<p><center><\/p>\n<h1>REGLAMENTO<\/h1>\n<p><strong>FAVOR LEER CON ATENCI\u00d3N<\/strong><\/p>\n<p><\/center><\/p>\n<p>El GILLMANFEST es un festival de ROCK NACIONAL donde se invitan artistas internacionales, pero los PROTAGONISTAS PRINCIPALES son las bandas de nuestro ROCK NACIONAL, as\u00ed que por respeto a nuestros artistas, deseamos que todos ustedes disfruten el Festival DESDE LA PRIMERA BANDA hasta la \u00faltima!!!<\/p>\n<p>Para facilitar el acceso SE HAR\u00c1 UNA SOLA REQUISA, por lo tanto no se permitir\u00e1 la entrada y salida de personas. Solo en caso de EMERGENCIA comprobable.<\/p>\n<p>Todas y todos los valientes que quieran disfrutar de este gran d\u00eda de PURO ROCK vengan y disfruten de esta tan esperada jornada que no tendr\u00e1 desperdicio, ser\u00e1 dedicada exclusivamente para lograr la mayor suma de felicidad posible para la comunidad rockera del pa\u00eds.<\/p>\n<p><center><\/p>\n<h2>SE PERMITE<\/h2>\n<p><\/center><\/p>\n<ul>\n<li>Disfrutar del evento sanamente, con armon\u00eda, respeto y buena disposici\u00f3n de compartir con tus amigos, panas, conocidos o familiares.<\/li>\n<p><\/p>\n<h2>PROHIBICIONES<\/h2>\n<p><\/center><\/p>\n<ul>\n<li>SE PROH\u00cdBE FUMAR CIGARRILLOS, TABACOS O CUALQUIER OTRA SUBSTANCIA DENTRO DEL \u00c1REA ESTABLECIDA PARA EL EVENTO.<\/li>\n<p><\/p>\n<li>SE PROH\u00cdBE LA ENTRADA AL EVENTO A PERSONAS EN ESTADO DE EBRIEDAD, DROGADOS O EN ACTITUD HOSTIL.<\/li>\n<p><\/p>\n<li>LA PERSONA O PERSONAS QUE SEAN DESCUBIERTAS EN ALGUNO DE ESTOS ESTADOS ARRIBA DESCRITOS, SER\u00c1N EXPULSADOS DEL EVENTO.<\/li>\n<p><\/p>\n<li>SE PROH\u00cdBE LA ENTRADA A MENORES DE EDAD SIN QUE EST\u00c9N ACOMPA\u00d1ADOS DE SUS PADRES Y\/O REPRESENTANTES. ES UN EVENTO PARA TODO P\u00daBLICO, POR LO QUE TAMBI\u00c9N ES PARA LA FAMILIA.<\/li>\n<p><\/p>\n<li>SE PROH\u00cdBE LA VENTA ILEGAL DE BEBIDAS Y COMIDAS EN CUALQUIER TIPO DE ENVASE (PL\u00c1STICO, LATAS, BOTELLAS DE VIDRIO, CUERO etc etc) DENTRO DE LAS INSTALACIONES DE LA CONCHA AC\u00daSTICA.<\/li>\n<p><\/p>\n<li>PROHIBIDAS BEBIDAS EN LATAS, VIDRIO, CON HIELO O CONGELADAS DE CUALQUIER ESPECIE.<\/li>\n<p><\/p>\n<li>SE MANTIENE LA PROHIBICI\u00d3N DE ENTRADA DE BEBIDAS ALCOH\u00d3LICAS EN CUALQUIER ENVASE.<\/li>\n<p><\/p>\n<li>SE PROH\u00cdBE LA ENTRADA DE CADENAS, OBJETOS CONTUNDENTES, MU\u00d1EQUERAS CON CLAVOS, OBJETOS PUNZO-PENETRANTES, TODO OBJETO QUE PONGA EN PELIGRO LA SEGURIDAD DE LOS ASISTENTES.<\/li>\n<p><\/p>\n<li>SE PROH\u00cdBE LA ENTRADA DE ARMAS DE FUEGO, ELEMENTOS PUNZO-PENETRANTES, CADENAS DE HIERO O CUALQUIER ELEMENTO QUE SE LE CONSIDERE PELIGROSO PARA LA SEGURIDAD DE LOS ASISTENTES.<\/li>\n<p><\/p>\n<li>NO SE PUEDE ENTRAR CON PANCARTAS O BANDERAS CON ASTAS DE MADERA.<\/li>\n<p><\/p>\n<li>CUALQUIER PERSONA QUE INTENTE INGRESAR AL RECINTO DONDE SE DESARROLLAR\u00c1 EL EVENTO CON PALOS, PIEDRAS, NAVAJAS, CUCHILLOS, OBJETOS PUNZO-PENETRANTES, ARMAS DE FUEGO, ARMAS CASERAS, BOMBAS LACRIM\u00d3GENAS, EN FIN, CON CUALQUIER OBJETO QUE SE LE CONSIDERE PELIGROSO PARA LA SEGURIDAD E INTEGRIDAD DEL P\u00daBLICO, SER\u00c1 ARRESTADO INMEDIATAMENTE POR LA POLIC\u00cdA NACIONAL BOLIVARIANA EN PRESENCIA DE UN FISCAL DEL MINISTERIO P\u00daBLICO BAJO EL CARGO DE \u00abINSTIGACI\u00d3N A LA VIOLENCIA E INTENTO DE AGRESI\u00d3N Y SABOTAJE EN CONTRA DE LOS ASISTENTES A UN EVENTO P\u00daBLICO&#8230; SIN EXCEPCIONES!!!<\/li>\n<p><\/p>\n<li><strong>IMPORTANTE:<\/strong> Tenga en cuenta, de usted no cumplir con los REGLAMENTOS aqu\u00ed expuestos, ser\u00e1 EXPULSADO del evento GILLMANFEST CARACAS 2025 y\/o ARRESTADO seg\u00fan sea considerada su falta por los organismos competentes.<\/li>\n<p>\n<\/ul>\n<p><center><\/p>\n<h2>SEGURIDAD DEL FESTIVAL<\/h2>\n<p><\/center><\/p>\n<ul>\n<li><strong>INSTITUCIONAL:<\/strong> BOMBEROS, PARAM\u00c9DICOS Y AMBULANCIAS.<\/li>\n<\/ul>\n","protected":false},"excerpt":{"rendered":"<p>REGLAMENTO FAVOR LEER CON ATENCI\u00d3N El GILLMANFEST es un festival de ROCK NACIONAL donde se invitan artistas internacionales, pero los PROTAGONISTAS PRINCIPALES son las bandas de nuestro ROCK NACIONAL, as\u00ed que por respeto a nuestros artistas, deseamos que todos ustedes disfruten el Festival DESDE LA PRIMERA BANDA hasta la \u00faltima!!! Para facilitar el acceso SE [&hellip;]<\/p>\n","protected":false},"author":1,"featured_media":0,"parent":0,"menu_order":0,"comment_status":"closed","ping_status":"closed","template":"","meta":{"footnotes":""},"class_list":["post-30","page","type-page","status-publish","hentry"],"yoast_head":"<!-- This site is optimized with the Yoast SEO plugin v27.5 - https:\/\/yoast.com\/product\/yoast-seo-wordpress\/ -->\n<title>REGLAMENTO - GILLMANFEST<\/title>\n<meta name=\"robots\" content=\"index, follow, max-snippet:-1, max-image-preview:large, max-video-preview:-1\" \/>\n<link rel=\"canonical\" href=\"https:\/\/gillmanfest.com.ve\/ccs-2025-xx-aniversario\/reglamento\/\" \/>\n<meta property=\"og:locale\" content=\"es_ES\" \/>\n<meta property=\"og:type\" content=\"article\" \/>\n<meta property=\"og:title\" content=\"REGLAMENTO - GILLMANFEST\" \/>\n<meta property=\"og:description\" content=\"REGLAMENTO FAVOR LEER CON ATENCI\u00d3N El GILLMANFEST es un festival de ROCK NACIONAL donde se invitan artistas internacionales, pero los PROTAGONISTAS PRINCIPALES son las bandas de nuestro ROCK NACIONAL, as\u00ed que por respeto a nuestros artistas, deseamos que todos ustedes disfruten el Festival DESDE LA PRIMERA BANDA hasta la \u00faltima!!! Para facilitar el acceso SE [&hellip;]\" \/>\n<meta property=\"og:url\" content=\"https:\/\/gillmanfest.com.ve\/ccs-2025-xx-aniversario\/reglamento\/\" \/>\n<meta property=\"og:site_name\" content=\"GILLMANFEST\" \/>\n<meta property=\"article:modified_time\" content=\"2025-04-20T21:01:00+00:00\" \/>\n<meta property=\"og:image\" content=\"https:\/\/gillmanfest.com.ve\/caracas-2025\/GF-CCS-2025.png\" \/>\n<meta name=\"twitter:card\" content=\"summary_large_image\" \/>\n<meta name=\"twitter:label1\" content=\"Tiempo de lectura\" \/>\n\t<meta name=\"twitter:data1\" content=\"3 minutos\" \/>\n<script type=\"application\/ld+json\" class=\"yoast-schema-graph\">{\"@context\":\"https:\\\/\\\/schema.org\",\"@graph\":[{\"@type\":\"WebPage\",\"@id\":\"https:\\\/\\\/gillmanfest.com.ve\\\/ccs-2025-xx-aniversario\\\/reglamento\\\/\",\"url\":\"https:\\\/\\\/gillmanfest.com.ve\\\/ccs-2025-xx-aniversario\\\/reglamento\\\/\",\"name\":\"REGLAMENTO - GILLMANFEST\",\"isPartOf\":{\"@id\":\"https:\\\/\\\/gillmanfest.com.ve\\\/ccs-2025-xx-aniversario\\\/#website\"},\"primaryImageOfPage\":{\"@id\":\"https:\\\/\\\/gillmanfest.com.ve\\\/ccs-2025-xx-aniversario\\\/reglamento\\\/#primaryimage\"},\"image\":{\"@id\":\"https:\\\/\\\/gillmanfest.com.ve\\\/ccs-2025-xx-aniversario\\\/reglamento\\\/#primaryimage\"},\"thumbnailUrl\":\"https:\\\/\\\/gillmanfest.com.ve\\\/caracas-2025\\\/GF-CCS-2025.png\",\"datePublished\":\"2022-08-10T15:00:53+00:00\",\"dateModified\":\"2025-04-20T21:01:00+00:00\",\"breadcrumb\":{\"@id\":\"https:\\\/\\\/gillmanfest.com.ve\\\/ccs-2025-xx-aniversario\\\/reglamento\\\/#breadcrumb\"},\"inLanguage\":\"es\",\"potentialAction\":[{\"@type\":\"ReadAction\",\"target\":[\"https:\\\/\\\/gillmanfest.com.ve\\\/ccs-2025-xx-aniversario\\\/reglamento\\\/\"]}]},{\"@type\":\"ImageObject\",\"inLanguage\":\"es\",\"@id\":\"https:\\\/\\\/gillmanfest.com.ve\\\/ccs-2025-xx-aniversario\\\/reglamento\\\/#primaryimage\",\"url\":\"https:\\\/\\\/gillmanfest.com.ve\\\/caracas-2025\\\/GF-CCS-2025.png\",\"contentUrl\":\"https:\\\/\\\/gillmanfest.com.ve\\\/caracas-2025\\\/GF-CCS-2025.png\"},{\"@type\":\"BreadcrumbList\",\"@id\":\"https:\\\/\\\/gillmanfest.com.ve\\\/ccs-2025-xx-aniversario\\\/reglamento\\\/#breadcrumb\",\"itemListElement\":[{\"@type\":\"ListItem\",\"position\":1,\"name\":\"Home\",\"item\":\"https:\\\/\\\/gillmanfest.com.ve\\\/ccs-2025-xx-aniversario\\\/\"},{\"@type\":\"ListItem\",\"position\":2,\"name\":\"REGLAMENTO\"}]},{\"@type\":\"WebSite\",\"@id\":\"https:\\\/\\\/gillmanfest.com.ve\\\/ccs-2025-xx-aniversario\\\/#website\",\"url\":\"https:\\\/\\\/gillmanfest.com.ve\\\/ccs-2025-xx-aniversario\\\/\",\"name\":\"GILLMANFEST\",\"description\":\"CARACAS 2025 - XX ANIVERSARIO\",\"publisher\":{\"@id\":\"https:\\\/\\\/gillmanfest.com.ve\\\/ccs-2025-xx-aniversario\\\/#organization\"},\"potentialAction\":[{\"@type\":\"SearchAction\",\"target\":{\"@type\":\"EntryPoint\",\"urlTemplate\":\"https:\\\/\\\/gillmanfest.com.ve\\\/ccs-2025-xx-aniversario\\\/?s={search_term_string}\"},\"query-input\":{\"@type\":\"PropertyValueSpecification\",\"valueRequired\":true,\"valueName\":\"search_term_string\"}}],\"inLanguage\":\"es\"},{\"@type\":\"Organization\",\"@id\":\"https:\\\/\\\/gillmanfest.com.ve\\\/ccs-2025-xx-aniversario\\\/#organization\",\"name\":\"GILLMANFEST\",\"url\":\"https:\\\/\\\/gillmanfest.com.ve\\\/ccs-2025-xx-aniversario\\\/\",\"logo\":{\"@type\":\"ImageObject\",\"inLanguage\":\"es\",\"@id\":\"https:\\\/\\\/gillmanfest.com.ve\\\/ccs-2025-xx-aniversario\\\/#\\\/schema\\\/logo\\\/image\\\/\",\"url\":\"https:\\\/\\\/gillmanfest.com.ve\\\/ccs-2025-xx-aniversario\\\/wp-content\\\/uploads\\\/2025\\\/04\\\/cropped-GF-CCS-2025.png\",\"contentUrl\":\"https:\\\/\\\/gillmanfest.com.ve\\\/ccs-2025-xx-aniversario\\\/wp-content\\\/uploads\\\/2025\\\/04\\\/cropped-GF-CCS-2025.png\",\"width\":1080,\"height\":250,\"caption\":\"GILLMANFEST\"},\"image\":{\"@id\":\"https:\\\/\\\/gillmanfest.com.ve\\\/ccs-2025-xx-aniversario\\\/#\\\/schema\\\/logo\\\/image\\\/\"}}]}<\/script>\n<!-- \/ Yoast SEO plugin. -->","yoast_head_json":{"title":"REGLAMENTO - GILLMANFEST","robots":{"index":"index","follow":"follow","max-snippet":"max-snippet:-1","max-image-preview":"max-image-preview:large","max-video-preview":"max-video-preview:-1"},"canonical":"https:\/\/gillmanfest.com.ve\/ccs-2025-xx-aniversario\/reglamento\/","og_locale":"es_ES","og_type":"article","og_title":"REGLAMENTO - GILLMANFEST","og_description":"REGLAMENTO FAVOR LEER CON ATENCI\u00d3N El GILLMANFEST es un festival de ROCK NACIONAL donde se invitan artistas internacionales, pero los PROTAGONISTAS PRINCIPALES son las bandas de nuestro ROCK NACIONAL, as\u00ed que por respeto a nuestros artistas, deseamos que todos ustedes disfruten el Festival DESDE LA PRIMERA BANDA hasta la \u00faltima!!! Para facilitar el acceso SE [&hellip;]","og_url":"https:\/\/gillmanfest.com.ve\/ccs-2025-xx-aniversario\/reglamento\/","og_site_name":"GILLMANFEST","article_modified_time":"2025-04-20T21:01:00+00:00","og_image":[{"url":"https:\/\/gillmanfest.com.ve\/caracas-2025\/GF-CCS-2025.png","type":"","width":"","height":""}],"twitter_card":"summary_large_image","twitter_misc":{"Tiempo de lectura":"3 minutos"},"schema":{"@context":"https:\/\/schema.org","@graph":[{"@type":"WebPage","@id":"https:\/\/gillmanfest.com.ve\/ccs-2025-xx-aniversario\/reglamento\/","url":"https:\/\/gillmanfest.com.ve\/ccs-2025-xx-aniversario\/reglamento\/","name":"REGLAMENTO - GILLMANFEST","isPartOf":{"@id":"https:\/\/gillmanfest.com.ve\/ccs-2025-xx-aniversario\/#website"},"primaryImageOfPage":{"@id":"https:\/\/gillmanfest.com.ve\/ccs-2025-xx-aniversario\/reglamento\/#primaryimage"},"image":{"@id":"https:\/\/gillmanfest.com.ve\/ccs-2025-xx-aniversario\/reglamento\/#primaryimage"},"thumbnailUrl":"https:\/\/gillmanfest.com.ve\/caracas-2025\/GF-CCS-2025.png","datePublished":"2022-08-10T15:00:53+00:00","dateModified":"2025-04-20T21:01:00+00:00","breadcrumb":{"@id":"https:\/\/gillmanfest.com.ve\/ccs-2025-xx-aniversario\/reglamento\/#breadcrumb"},"inLanguage":"es","potentialAction":[{"@type":"ReadAction","target":["https:\/\/gillmanfest.com.ve\/ccs-2025-xx-aniversario\/reglamento\/"]}]},{"@type":"ImageObject","inLanguage":"es","@id":"https:\/\/gillmanfest.com.ve\/ccs-2025-xx-aniversario\/reglamento\/#primaryimage","url":"https:\/\/gillmanfest.com.ve\/caracas-2025\/GF-CCS-2025.png","contentUrl":"https:\/\/gillmanfest.com.ve\/caracas-2025\/GF-CCS-2025.png"},{"@type":"BreadcrumbList","@id":"https:\/\/gillmanfest.com.ve\/ccs-2025-xx-aniversario\/reglamento\/#breadcrumb","itemListElement":[{"@type":"ListItem","position":1,"name":"Home","item":"https:\/\/gillmanfest.com.ve\/ccs-2025-xx-aniversario\/"},{"@type":"ListItem","position":2,"name":"REGLAMENTO"}]},{"@type":"WebSite","@id":"https:\/\/gillmanfest.com.ve\/ccs-2025-xx-aniversario\/#website","url":"https:\/\/gillmanfest.com.ve\/ccs-2025-xx-aniversario\/","name":"GILLMANFEST","description":"CARACAS 2025 - XX ANIVERSARIO","publisher":{"@id":"https:\/\/gillmanfest.com.ve\/ccs-2025-xx-aniversario\/#organization"},"potentialAction":[{"@type":"SearchAction","target":{"@type":"EntryPoint","urlTemplate":"https:\/\/gillmanfest.com.ve\/ccs-2025-xx-aniversario\/?s={search_term_string}"},"query-input":{"@type":"PropertyValueSpecification","valueRequired":true,"valueName":"search_term_string"}}],"inLanguage":"es"},{"@type":"Organization","@id":"https:\/\/gillmanfest.com.ve\/ccs-2025-xx-aniversario\/#organization","name":"GILLMANFEST","url":"https:\/\/gillmanfest.com.ve\/ccs-2025-xx-aniversario\/","logo":{"@type":"ImageObject","inLanguage":"es","@id":"https:\/\/gillmanfest.com.ve\/ccs-2025-xx-aniversario\/#\/schema\/logo\/image\/","url":"https:\/\/gillmanfest.com.ve\/ccs-2025-xx-aniversario\/wp-content\/uploads\/2025\/04\/cropped-GF-CCS-2025.png","contentUrl":"https:\/\/gillmanfest.com.ve\/ccs-2025-xx-aniversario\/wp-content\/uploads\/2025\/04\/cropped-GF-CCS-2025.png","width":1080,"height":250,"caption":"GILLMANFEST"},"image":{"@id":"https:\/\/gillmanfest.com.ve\/ccs-2025-xx-aniversario\/#\/schema\/logo\/image\/"}}]}},"_links":{"self":[{"href":"https:\/\/gillmanfest.com.ve\/ccs-2025-xx-aniversario\/wp-json\/wp\/v2\/pages\/30","targetHints":{"allow":["GET"]}}],"collection":[{"href":"https:\/\/gillmanfest.com.ve\/ccs-2025-xx-aniversario\/wp-json\/wp\/v2\/pages"}],"about":[{"href":"https:\/\/gillmanfest.com.ve\/ccs-2025-xx-aniversario\/wp-json\/wp\/v2\/types\/page"}],"author":[{"embeddable":true,"href":"https:\/\/gillmanfest.com.ve\/ccs-2025-xx-aniversario\/wp-json\/wp\/v2\/users\/1"}],"replies":[{"embeddable":true,"href":"https:\/\/gillmanfest.com.ve\/ccs-2025-xx-aniversario\/wp-json\/wp\/v2\/comments?post=30"}],"version-history":[{"count":13,"href":"https:\/\/gillmanfest.com.ve\/ccs-2025-xx-aniversario\/wp-json\/wp\/v2\/pages\/30\/revisions"}],"predecessor-version":[{"id":926,"href":"https:\/\/gillmanfest.com.ve\/ccs-2025-xx-aniversario\/wp-json\/wp\/v2\/pages\/30\/revisions\/926"}],"wp:attachment":[{"href":"https:\/\/gillmanfest.com.ve\/ccs-2025-xx-aniversario\/wp-json\/wp\/v2\/media?parent=30"}],"curies":[{"name":"wp","href":"https:\/\/api.w.org\/{rel}","templated":true}]}}