
{"id":24,"date":"2025-04-10T14:58:28","date_gmt":"2025-04-10T14:58:28","guid":{"rendered":"https:\/\/gillmanfest.com.ve\/ccs-2025-xx-aniversario\/?page_id=24"},"modified":"2025-04-22T00:03:43","modified_gmt":"2025-04-22T00:03:43","slug":"ubicacion-gf","status":"publish","type":"page","link":"https:\/\/gillmanfest.com.ve\/ccs-2025-xx-aniversario\/ubicacion-gf\/","title":{"rendered":"UBICACI\u00d3N GF"},"content":{"rendered":"<p><img decoding=\"async\" src=\"https:\/\/gillmanfest.com.ve\/caracas-2025\/GF-CCS-2025.png\" oncopy=\"alert('Funci\u00f3n no permitida');return false\" oncontextmenu=\"alert('Funci\u00f3n no permitida');return false\" title=\"GILLMANFEST CARACAS 2025\" width=\"700\"><\/a><\/p>\n<p><center><\/p>\n<h3>UBICACI\u00d3N DEL EVENTO<\/h3>\n<p><\/center><\/p>\n<p><strong>PARQUE LOS CAOBOS<\/strong><\/p>\n<p><strong>Direcci\u00f3n:<\/strong> Parque Los Caobos, P.\u00ba Col\u00f3n, Caracas 1050, Distrito Capital.<\/p>\n<p><strong>Coordenadas:<\/strong> 10.49869520842124, -66.89407418465873<\/p>\n<p><strong>Google Maps<\/strong><\/p>\n<p><iframe src=\"https:\/\/www.google.com\/maps\/embed?pb=!1m18!1m12!1m3!1d3923.027878453778!2d-66.8941171!3d10.4984684!2m3!1f0!2f0!3f0!3m2!1i1024!2i768!4f13.1!3m3!1m2!1s0x8c2a5928ec7bc9f5%3A0xc424c260a5fd8bf8!2sParque%20Los%20Caobos!5e0!3m2!1ses-419!2sve!4v1745279831582!5m2!1ses-419!2sve\" width=\"700\" height=\"525\" style=\"border:0;\" allowfullscreen=\"\" loading=\"lazy\" referrerpolicy=\"no-referrer-when-downgrade\"><\/iframe><\/p>\n","protected":false},"excerpt":{"rendered":"<p>UBICACI\u00d3N DEL EVENTO PARQUE LOS CAOBOS Direcci\u00f3n: Parque Los Caobos, P.\u00ba Col\u00f3n, Caracas 1050, Distrito Capital. Coordenadas: 10.49869520842124, -66.89407418465873 Google Maps<\/p>\n","protected":false},"author":1,"featured_media":928,"parent":0,"menu_order":0,"comment_status":"closed","ping_status":"closed","template":"","meta":{"footnotes":""},"class_list":["post-24","page","type-page","status-publish","has-post-thumbnail","hentry"],"yoast_head":"<!-- This site is optimized with the Yoast SEO plugin v27.5 - https:\/\/yoast.com\/product\/yoast-seo-wordpress\/ -->\n<title>UBICACI\u00d3N GF - GILLMANFEST<\/title>\n<meta name=\"description\" content=\"Ac\u00e1 podr\u00e1s ver la Ubicaci\u00f3n del GILLMANFEST CARACAS 2025 ser\u00e1 en el PARQUE LOS CAOBOS, CARACAS, DISTRITO CAPITAL...\" \/>\n<meta name=\"robots\" content=\"index, follow, max-snippet:-1, max-image-preview:large, max-video-preview:-1\" \/>\n<link rel=\"canonical\" href=\"https:\/\/gillmanfest.com.ve\/ccs-2025-xx-aniversario\/ubicacion-gf\/\" \/>\n<meta property=\"og:locale\" content=\"es_ES\" \/>\n<meta property=\"og:type\" content=\"article\" \/>\n<meta property=\"og:title\" content=\"UBICACI\u00d3N GF - GILLMANFEST\" \/>\n<meta property=\"og:description\" content=\"Ac\u00e1 podr\u00e1s ver la Ubicaci\u00f3n del GILLMANFEST CARACAS 2025 ser\u00e1 en el PARQUE LOS CAOBOS, CARACAS, DISTRITO CAPITAL...\" \/>\n<meta property=\"og:url\" content=\"https:\/\/gillmanfest.com.ve\/ccs-2025-xx-aniversario\/ubicacion-gf\/\" \/>\n<meta property=\"og:site_name\" content=\"GILLMANFEST\" \/>\n<meta property=\"article:modified_time\" content=\"2025-04-22T00:03:43+00:00\" \/>\n<meta property=\"og:image\" content=\"https:\/\/gillmanfest.com.ve\/ccs-2025-xx-aniversario\/wp-content\/uploads\/2025\/04\/2022-12-29.jpg\" \/>\n\t<meta property=\"og:image:width\" content=\"1280\" \/>\n\t<meta property=\"og:image:height\" content=\"960\" \/>\n\t<meta property=\"og:image:type\" content=\"image\/jpeg\" \/>\n<meta name=\"twitter:card\" content=\"summary_large_image\" \/>\n<meta name=\"twitter:label1\" content=\"Tiempo de lectura\" \/>\n\t<meta name=\"twitter:data1\" content=\"1 minuto\" \/>\n<script type=\"application\/ld+json\" class=\"yoast-schema-graph\">{\"@context\":\"https:\\\/\\\/schema.org\",\"@graph\":[{\"@type\":\"WebPage\",\"@id\":\"https:\\\/\\\/gillmanfest.com.ve\\\/ccs-2025-xx-aniversario\\\/ubicacion-gf\\\/\",\"url\":\"https:\\\/\\\/gillmanfest.com.ve\\\/ccs-2025-xx-aniversario\\\/ubicacion-gf\\\/\",\"name\":\"UBICACI\u00d3N GF - GILLMANFEST\",\"isPartOf\":{\"@id\":\"https:\\\/\\\/gillmanfest.com.ve\\\/ccs-2025-xx-aniversario\\\/#website\"},\"primaryImageOfPage\":{\"@id\":\"https:\\\/\\\/gillmanfest.com.ve\\\/ccs-2025-xx-aniversario\\\/ubicacion-gf\\\/#primaryimage\"},\"image\":{\"@id\":\"https:\\\/\\\/gillmanfest.com.ve\\\/ccs-2025-xx-aniversario\\\/ubicacion-gf\\\/#primaryimage\"},\"thumbnailUrl\":\"https:\\\/\\\/gillmanfest.com.ve\\\/ccs-2025-xx-aniversario\\\/wp-content\\\/uploads\\\/2025\\\/04\\\/2022-12-29.jpg\",\"datePublished\":\"2025-04-10T14:58:28+00:00\",\"dateModified\":\"2025-04-22T00:03:43+00:00\",\"description\":\"Ac\u00e1 podr\u00e1s ver la Ubicaci\u00f3n del GILLMANFEST CARACAS 2025 ser\u00e1 en el PARQUE LOS CAOBOS, CARACAS, DISTRITO CAPITAL...\",\"breadcrumb\":{\"@id\":\"https:\\\/\\\/gillmanfest.com.ve\\\/ccs-2025-xx-aniversario\\\/ubicacion-gf\\\/#breadcrumb\"},\"inLanguage\":\"es\",\"potentialAction\":[{\"@type\":\"ReadAction\",\"target\":[\"https:\\\/\\\/gillmanfest.com.ve\\\/ccs-2025-xx-aniversario\\\/ubicacion-gf\\\/\"]}]},{\"@type\":\"ImageObject\",\"inLanguage\":\"es\",\"@id\":\"https:\\\/\\\/gillmanfest.com.ve\\\/ccs-2025-xx-aniversario\\\/ubicacion-gf\\\/#primaryimage\",\"url\":\"https:\\\/\\\/gillmanfest.com.ve\\\/ccs-2025-xx-aniversario\\\/wp-content\\\/uploads\\\/2025\\\/04\\\/2022-12-29.jpg\",\"contentUrl\":\"https:\\\/\\\/gillmanfest.com.ve\\\/ccs-2025-xx-aniversario\\\/wp-content\\\/uploads\\\/2025\\\/04\\\/2022-12-29.jpg\",\"width\":1280,\"height\":960},{\"@type\":\"BreadcrumbList\",\"@id\":\"https:\\\/\\\/gillmanfest.com.ve\\\/ccs-2025-xx-aniversario\\\/ubicacion-gf\\\/#breadcrumb\",\"itemListElement\":[{\"@type\":\"ListItem\",\"position\":1,\"name\":\"Home\",\"item\":\"https:\\\/\\\/gillmanfest.com.ve\\\/ccs-2025-xx-aniversario\\\/\"},{\"@type\":\"ListItem\",\"position\":2,\"name\":\"UBICACI\u00d3N GF\"}]},{\"@type\":\"WebSite\",\"@id\":\"https:\\\/\\\/gillmanfest.com.ve\\\/ccs-2025-xx-aniversario\\\/#website\",\"url\":\"https:\\\/\\\/gillmanfest.com.ve\\\/ccs-2025-xx-aniversario\\\/\",\"name\":\"GILLMANFEST\",\"description\":\"CARACAS 2025 - XX ANIVERSARIO\",\"publisher\":{\"@id\":\"https:\\\/\\\/gillmanfest.com.ve\\\/ccs-2025-xx-aniversario\\\/#organization\"},\"potentialAction\":[{\"@type\":\"SearchAction\",\"target\":{\"@type\":\"EntryPoint\",\"urlTemplate\":\"https:\\\/\\\/gillmanfest.com.ve\\\/ccs-2025-xx-aniversario\\\/?s={search_term_string}\"},\"query-input\":{\"@type\":\"PropertyValueSpecification\",\"valueRequired\":true,\"valueName\":\"search_term_string\"}}],\"inLanguage\":\"es\"},{\"@type\":\"Organization\",\"@id\":\"https:\\\/\\\/gillmanfest.com.ve\\\/ccs-2025-xx-aniversario\\\/#organization\",\"name\":\"GILLMANFEST\",\"url\":\"https:\\\/\\\/gillmanfest.com.ve\\\/ccs-2025-xx-aniversario\\\/\",\"logo\":{\"@type\":\"ImageObject\",\"inLanguage\":\"es\",\"@id\":\"https:\\\/\\\/gillmanfest.com.ve\\\/ccs-2025-xx-aniversario\\\/#\\\/schema\\\/logo\\\/image\\\/\",\"url\":\"https:\\\/\\\/gillmanfest.com.ve\\\/ccs-2025-xx-aniversario\\\/wp-content\\\/uploads\\\/2025\\\/04\\\/cropped-GF-CCS-2025.png\",\"contentUrl\":\"https:\\\/\\\/gillmanfest.com.ve\\\/ccs-2025-xx-aniversario\\\/wp-content\\\/uploads\\\/2025\\\/04\\\/cropped-GF-CCS-2025.png\",\"width\":1080,\"height\":250,\"caption\":\"GILLMANFEST\"},\"image\":{\"@id\":\"https:\\\/\\\/gillmanfest.com.ve\\\/ccs-2025-xx-aniversario\\\/#\\\/schema\\\/logo\\\/image\\\/\"}}]}<\/script>\n<!-- \/ Yoast SEO plugin. -->","yoast_head_json":{"title":"UBICACI\u00d3N GF - GILLMANFEST","description":"Ac\u00e1 podr\u00e1s ver la Ubicaci\u00f3n del GILLMANFEST CARACAS 2025 ser\u00e1 en el PARQUE LOS CAOBOS, CARACAS, DISTRITO CAPITAL...","robots":{"index":"index","follow":"follow","max-snippet":"max-snippet:-1","max-image-preview":"max-image-preview:large","max-video-preview":"max-video-preview:-1"},"canonical":"https:\/\/gillmanfest.com.ve\/ccs-2025-xx-aniversario\/ubicacion-gf\/","og_locale":"es_ES","og_type":"article","og_title":"UBICACI\u00d3N GF - GILLMANFEST","og_description":"Ac\u00e1 podr\u00e1s ver la Ubicaci\u00f3n del GILLMANFEST CARACAS 2025 ser\u00e1 en el PARQUE LOS CAOBOS, CARACAS, DISTRITO CAPITAL...","og_url":"https:\/\/gillmanfest.com.ve\/ccs-2025-xx-aniversario\/ubicacion-gf\/","og_site_name":"GILLMANFEST","article_modified_time":"2025-04-22T00:03:43+00:00","og_image":[{"width":1280,"height":960,"url":"https:\/\/gillmanfest.com.ve\/ccs-2025-xx-aniversario\/wp-content\/uploads\/2025\/04\/2022-12-29.jpg","type":"image\/jpeg"}],"twitter_card":"summary_large_image","twitter_misc":{"Tiempo de lectura":"1 minuto"},"schema":{"@context":"https:\/\/schema.org","@graph":[{"@type":"WebPage","@id":"https:\/\/gillmanfest.com.ve\/ccs-2025-xx-aniversario\/ubicacion-gf\/","url":"https:\/\/gillmanfest.com.ve\/ccs-2025-xx-aniversario\/ubicacion-gf\/","name":"UBICACI\u00d3N GF - GILLMANFEST","isPartOf":{"@id":"https:\/\/gillmanfest.com.ve\/ccs-2025-xx-aniversario\/#website"},"primaryImageOfPage":{"@id":"https:\/\/gillmanfest.com.ve\/ccs-2025-xx-aniversario\/ubicacion-gf\/#primaryimage"},"image":{"@id":"https:\/\/gillmanfest.com.ve\/ccs-2025-xx-aniversario\/ubicacion-gf\/#primaryimage"},"thumbnailUrl":"https:\/\/gillmanfest.com.ve\/ccs-2025-xx-aniversario\/wp-content\/uploads\/2025\/04\/2022-12-29.jpg","datePublished":"2025-04-10T14:58:28+00:00","dateModified":"2025-04-22T00:03:43+00:00","description":"Ac\u00e1 podr\u00e1s ver la Ubicaci\u00f3n del GILLMANFEST CARACAS 2025 ser\u00e1 en el PARQUE LOS CAOBOS, CARACAS, DISTRITO CAPITAL...","breadcrumb":{"@id":"https:\/\/gillmanfest.com.ve\/ccs-2025-xx-aniversario\/ubicacion-gf\/#breadcrumb"},"inLanguage":"es","potentialAction":[{"@type":"ReadAction","target":["https:\/\/gillmanfest.com.ve\/ccs-2025-xx-aniversario\/ubicacion-gf\/"]}]},{"@type":"ImageObject","inLanguage":"es","@id":"https:\/\/gillmanfest.com.ve\/ccs-2025-xx-aniversario\/ubicacion-gf\/#primaryimage","url":"https:\/\/gillmanfest.com.ve\/ccs-2025-xx-aniversario\/wp-content\/uploads\/2025\/04\/2022-12-29.jpg","contentUrl":"https:\/\/gillmanfest.com.ve\/ccs-2025-xx-aniversario\/wp-content\/uploads\/2025\/04\/2022-12-29.jpg","width":1280,"height":960},{"@type":"BreadcrumbList","@id":"https:\/\/gillmanfest.com.ve\/ccs-2025-xx-aniversario\/ubicacion-gf\/#breadcrumb","itemListElement":[{"@type":"ListItem","position":1,"name":"Home","item":"https:\/\/gillmanfest.com.ve\/ccs-2025-xx-aniversario\/"},{"@type":"ListItem","position":2,"name":"UBICACI\u00d3N GF"}]},{"@type":"WebSite","@id":"https:\/\/gillmanfest.com.ve\/ccs-2025-xx-aniversario\/#website","url":"https:\/\/gillmanfest.com.ve\/ccs-2025-xx-aniversario\/","name":"GILLMANFEST","description":"CARACAS 2025 - XX ANIVERSARIO","publisher":{"@id":"https:\/\/gillmanfest.com.ve\/ccs-2025-xx-aniversario\/#organization"},"potentialAction":[{"@type":"SearchAction","target":{"@type":"EntryPoint","urlTemplate":"https:\/\/gillmanfest.com.ve\/ccs-2025-xx-aniversario\/?s={search_term_string}"},"query-input":{"@type":"PropertyValueSpecification","valueRequired":true,"valueName":"search_term_string"}}],"inLanguage":"es"},{"@type":"Organization","@id":"https:\/\/gillmanfest.com.ve\/ccs-2025-xx-aniversario\/#organization","name":"GILLMANFEST","url":"https:\/\/gillmanfest.com.ve\/ccs-2025-xx-aniversario\/","logo":{"@type":"ImageObject","inLanguage":"es","@id":"https:\/\/gillmanfest.com.ve\/ccs-2025-xx-aniversario\/#\/schema\/logo\/image\/","url":"https:\/\/gillmanfest.com.ve\/ccs-2025-xx-aniversario\/wp-content\/uploads\/2025\/04\/cropped-GF-CCS-2025.png","contentUrl":"https:\/\/gillmanfest.com.ve\/ccs-2025-xx-aniversario\/wp-content\/uploads\/2025\/04\/cropped-GF-CCS-2025.png","width":1080,"height":250,"caption":"GILLMANFEST"},"image":{"@id":"https:\/\/gillmanfest.com.ve\/ccs-2025-xx-aniversario\/#\/schema\/logo\/image\/"}}]}},"_links":{"self":[{"href":"https:\/\/gillmanfest.com.ve\/ccs-2025-xx-aniversario\/wp-json\/wp\/v2\/pages\/24","targetHints":{"allow":["GET"]}}],"collection":[{"href":"https:\/\/gillmanfest.com.ve\/ccs-2025-xx-aniversario\/wp-json\/wp\/v2\/pages"}],"about":[{"href":"https:\/\/gillmanfest.com.ve\/ccs-2025-xx-aniversario\/wp-json\/wp\/v2\/types\/page"}],"author":[{"embeddable":true,"href":"https:\/\/gillmanfest.com.ve\/ccs-2025-xx-aniversario\/wp-json\/wp\/v2\/users\/1"}],"replies":[{"embeddable":true,"href":"https:\/\/gillmanfest.com.ve\/ccs-2025-xx-aniversario\/wp-json\/wp\/v2\/comments?post=24"}],"version-history":[{"count":19,"href":"https:\/\/gillmanfest.com.ve\/ccs-2025-xx-aniversario\/wp-json\/wp\/v2\/pages\/24\/revisions"}],"predecessor-version":[{"id":929,"href":"https:\/\/gillmanfest.com.ve\/ccs-2025-xx-aniversario\/wp-json\/wp\/v2\/pages\/24\/revisions\/929"}],"wp:featuredmedia":[{"embeddable":true,"href":"https:\/\/gillmanfest.com.ve\/ccs-2025-xx-aniversario\/wp-json\/wp\/v2\/media\/928"}],"wp:attachment":[{"href":"https:\/\/gillmanfest.com.ve\/ccs-2025-xx-aniversario\/wp-json\/wp\/v2\/media?parent=24"}],"curies":[{"name":"wp","href":"https:\/\/api.w.org\/{rel}","templated":true}]}}