
{"id":24,"date":"2022-08-10T14:58:28","date_gmt":"2022-08-10T14:58:28","guid":{"rendered":"https:\/\/gillmanfest.com.ve\/caracas-2023\/?page_id=24"},"modified":"2023-10-14T17:48:34","modified_gmt":"2023-10-14T17:48:34","slug":"ubicacion-gf","status":"publish","type":"page","link":"https:\/\/gillmanfest.com.ve\/caracas-2023\/ubicacion-gf\/","title":{"rendered":"UBICACI\u00d3N GF"},"content":{"rendered":"<p><img decoding=\"async\" src=\"https:\/\/gillmanfest.com.ve\/caracas-2023\/CCS-GF-CARACAS-2023.png\" oncopy=\"alert('Funci\u00f3n no permitida');return false\" oncontextmenu=\"alert('Funci\u00f3n no permitida');return false\" title=\"GILLMANFEST CARACAS 2023\" width=\"700\"><\/a><\/p>\n<p><center><\/p>\n<h3>UBICACI\u00d3N DEL EVENTO<\/h3>\n<p><\/center><\/p>\n<p><img decoding=\"async\" src=\"https:\/\/gillmanfest.com.ve\/caracas-2023\/CCS-PARQUE-LOS-CAOBOS.jpg\" oncopy=\"alert('Funci\u00f3n no permitida');return false\" oncontextmenu=\"alert('Funci\u00f3n no permitida');return false\" title=\"GILLMANFEST CARACAS 2023\" width=\"700\"><\/a><\/p>\n<p><strong>PARQUE LOS CAOBOS<\/strong><\/p>\n<p><strong>Direcci\u00f3n:<\/strong> Parque Los Caobos, P.\u00ba Col\u00f3n, Caracas 1050, Distrito Capital.<\/p>\n<p><strong>Coordenadas:<\/strong> 10.499375632686629, -66.89424584603701<\/p>\n<p><strong>Google Maps<\/strong><\/p>\n<p><iframe src=\"https:\/\/www.google.com\/maps\/embed?pb=!1m14!1m8!1m3!1d15692.111513815113!2d-66.8941171!3d10.4984684!3m2!1i1024!2i768!4f13.1!3m3!1m2!1s0x8c2a5928ec7bc9f5%3A0xc424c260a5fd8bf8!2sParque%20Los%20Caobos!5e0!3m2!1ses!2sve!4v1697303165740!5m2!1ses!2sve\" width=\"700\" height=\"525\" style=\"border:0;\" allowfullscreen=\"\" loading=\"lazy\" referrerpolicy=\"no-referrer-when-downgrade\"><\/iframe><\/p>\n","protected":false},"excerpt":{"rendered":"<p>UBICACI\u00d3N DEL EVENTO PARQUE LOS CAOBOS Direcci\u00f3n: Parque Los Caobos, P.\u00ba Col\u00f3n, Caracas 1050, Distrito Capital. Coordenadas: 10.499375632686629, -66.89424584603701 Google Maps<\/p>\n","protected":false},"author":1,"featured_media":805,"parent":0,"menu_order":0,"comment_status":"closed","ping_status":"closed","template":"","meta":{"footnotes":""},"class_list":["post-24","page","type-page","status-publish","has-post-thumbnail","hentry"],"yoast_head":"<!-- This site is optimized with the Yoast SEO plugin v27.4 - https:\/\/yoast.com\/product\/yoast-seo-wordpress\/ -->\n<title>UBICACI\u00d3N GF - GILLMANFEST<\/title>\n<meta name=\"description\" content=\"Ubicaci\u00f3n GF - GILLMANFEST CARACAS 2023 ser\u00e1 en el querido PARQUE LOS CAOBOS de Caracas, Distrito Capital...\" \/>\n<meta name=\"robots\" content=\"index, follow, max-snippet:-1, max-image-preview:large, max-video-preview:-1\" \/>\n<link rel=\"canonical\" href=\"https:\/\/gillmanfest.com.ve\/caracas-2023\/ubicacion-gf\/\" \/>\n<meta property=\"og:locale\" content=\"es_ES\" \/>\n<meta property=\"og:type\" content=\"article\" \/>\n<meta property=\"og:title\" content=\"UBICACI\u00d3N GF - GILLMANFEST\" \/>\n<meta property=\"og:description\" content=\"Ubicaci\u00f3n GF - GILLMANFEST CARACAS 2023 ser\u00e1 en el querido PARQUE LOS CAOBOS de Caracas, Distrito Capital...\" \/>\n<meta property=\"og:url\" content=\"https:\/\/gillmanfest.com.ve\/caracas-2023\/ubicacion-gf\/\" \/>\n<meta property=\"og:site_name\" content=\"GILLMANFEST\" \/>\n<meta property=\"article:modified_time\" content=\"2023-10-14T17:48:34+00:00\" \/>\n<meta property=\"og:image\" content=\"https:\/\/gillmanfest.com.ve\/caracas-2023\/wp-content\/uploads\/2023\/03\/Binder1-1-scaled.jpg\" \/>\n\t<meta property=\"og:image:width\" content=\"2560\" \/>\n\t<meta property=\"og:image:height\" content=\"1920\" \/>\n\t<meta property=\"og:image:type\" content=\"image\/jpeg\" \/>\n<meta name=\"twitter:card\" content=\"summary_large_image\" \/>\n<meta name=\"twitter:label1\" content=\"Tiempo de lectura\" \/>\n\t<meta name=\"twitter:data1\" content=\"1 minuto\" \/>\n<script type=\"application\/ld+json\" class=\"yoast-schema-graph\">{\"@context\":\"https:\\\/\\\/schema.org\",\"@graph\":[{\"@type\":\"WebPage\",\"@id\":\"https:\\\/\\\/gillmanfest.com.ve\\\/caracas-2023\\\/ubicacion-gf\\\/\",\"url\":\"https:\\\/\\\/gillmanfest.com.ve\\\/caracas-2023\\\/ubicacion-gf\\\/\",\"name\":\"UBICACI\u00d3N GF - GILLMANFEST\",\"isPartOf\":{\"@id\":\"https:\\\/\\\/gillmanfest.com.ve\\\/caracas-2023\\\/#website\"},\"primaryImageOfPage\":{\"@id\":\"https:\\\/\\\/gillmanfest.com.ve\\\/caracas-2023\\\/ubicacion-gf\\\/#primaryimage\"},\"image\":{\"@id\":\"https:\\\/\\\/gillmanfest.com.ve\\\/caracas-2023\\\/ubicacion-gf\\\/#primaryimage\"},\"thumbnailUrl\":\"https:\\\/\\\/gillmanfest.com.ve\\\/caracas-2023\\\/wp-content\\\/uploads\\\/2023\\\/03\\\/Binder1-1-scaled.jpg\",\"datePublished\":\"2022-08-10T14:58:28+00:00\",\"dateModified\":\"2023-10-14T17:48:34+00:00\",\"description\":\"Ubicaci\u00f3n GF - GILLMANFEST CARACAS 2023 ser\u00e1 en el querido PARQUE LOS CAOBOS de Caracas, Distrito Capital...\",\"breadcrumb\":{\"@id\":\"https:\\\/\\\/gillmanfest.com.ve\\\/caracas-2023\\\/ubicacion-gf\\\/#breadcrumb\"},\"inLanguage\":\"es\",\"potentialAction\":[{\"@type\":\"ReadAction\",\"target\":[\"https:\\\/\\\/gillmanfest.com.ve\\\/caracas-2023\\\/ubicacion-gf\\\/\"]}]},{\"@type\":\"ImageObject\",\"inLanguage\":\"es\",\"@id\":\"https:\\\/\\\/gillmanfest.com.ve\\\/caracas-2023\\\/ubicacion-gf\\\/#primaryimage\",\"url\":\"https:\\\/\\\/gillmanfest.com.ve\\\/caracas-2023\\\/wp-content\\\/uploads\\\/2023\\\/03\\\/Binder1-1-scaled.jpg\",\"contentUrl\":\"https:\\\/\\\/gillmanfest.com.ve\\\/caracas-2023\\\/wp-content\\\/uploads\\\/2023\\\/03\\\/Binder1-1-scaled.jpg\",\"width\":2560,\"height\":1920},{\"@type\":\"BreadcrumbList\",\"@id\":\"https:\\\/\\\/gillmanfest.com.ve\\\/caracas-2023\\\/ubicacion-gf\\\/#breadcrumb\",\"itemListElement\":[{\"@type\":\"ListItem\",\"position\":1,\"name\":\"Home\",\"item\":\"https:\\\/\\\/gillmanfest.com.ve\\\/caracas-2023\\\/\"},{\"@type\":\"ListItem\",\"position\":2,\"name\":\"UBICACI\u00d3N GF\"}]},{\"@type\":\"WebSite\",\"@id\":\"https:\\\/\\\/gillmanfest.com.ve\\\/caracas-2023\\\/#website\",\"url\":\"https:\\\/\\\/gillmanfest.com.ve\\\/caracas-2023\\\/\",\"name\":\"GILLMANFEST\",\"description\":\"CARACAS 2023\",\"publisher\":{\"@id\":\"https:\\\/\\\/gillmanfest.com.ve\\\/caracas-2023\\\/#organization\"},\"potentialAction\":[{\"@type\":\"SearchAction\",\"target\":{\"@type\":\"EntryPoint\",\"urlTemplate\":\"https:\\\/\\\/gillmanfest.com.ve\\\/caracas-2023\\\/?s={search_term_string}\"},\"query-input\":{\"@type\":\"PropertyValueSpecification\",\"valueRequired\":true,\"valueName\":\"search_term_string\"}}],\"inLanguage\":\"es\"},{\"@type\":\"Organization\",\"@id\":\"https:\\\/\\\/gillmanfest.com.ve\\\/caracas-2023\\\/#organization\",\"name\":\"GILLMANFEST\",\"url\":\"https:\\\/\\\/gillmanfest.com.ve\\\/caracas-2023\\\/\",\"logo\":{\"@type\":\"ImageObject\",\"inLanguage\":\"es\",\"@id\":\"https:\\\/\\\/gillmanfest.com.ve\\\/caracas-2023\\\/#\\\/schema\\\/logo\\\/image\\\/\",\"url\":\"https:\\\/\\\/gillmanfest.com.ve\\\/caracas-2023\\\/wp-content\\\/uploads\\\/2023\\\/10\\\/cropped-GF-CARACAS-2023.png\",\"contentUrl\":\"https:\\\/\\\/gillmanfest.com.ve\\\/caracas-2023\\\/wp-content\\\/uploads\\\/2023\\\/10\\\/cropped-GF-CARACAS-2023.png\",\"width\":4000,\"height\":773,\"caption\":\"GILLMANFEST \"},\"image\":{\"@id\":\"https:\\\/\\\/gillmanfest.com.ve\\\/caracas-2023\\\/#\\\/schema\\\/logo\\\/image\\\/\"}}]}<\/script>\n<!-- \/ Yoast SEO plugin. -->","yoast_head_json":{"title":"UBICACI\u00d3N GF - GILLMANFEST","description":"Ubicaci\u00f3n GF - GILLMANFEST CARACAS 2023 ser\u00e1 en el querido PARQUE LOS CAOBOS de Caracas, Distrito Capital...","robots":{"index":"index","follow":"follow","max-snippet":"max-snippet:-1","max-image-preview":"max-image-preview:large","max-video-preview":"max-video-preview:-1"},"canonical":"https:\/\/gillmanfest.com.ve\/caracas-2023\/ubicacion-gf\/","og_locale":"es_ES","og_type":"article","og_title":"UBICACI\u00d3N GF - GILLMANFEST","og_description":"Ubicaci\u00f3n GF - GILLMANFEST CARACAS 2023 ser\u00e1 en el querido PARQUE LOS CAOBOS de Caracas, Distrito Capital...","og_url":"https:\/\/gillmanfest.com.ve\/caracas-2023\/ubicacion-gf\/","og_site_name":"GILLMANFEST","article_modified_time":"2023-10-14T17:48:34+00:00","og_image":[{"width":2560,"height":1920,"url":"https:\/\/gillmanfest.com.ve\/caracas-2023\/wp-content\/uploads\/2023\/03\/Binder1-1-scaled.jpg","type":"image\/jpeg"}],"twitter_card":"summary_large_image","twitter_misc":{"Tiempo de lectura":"1 minuto"},"schema":{"@context":"https:\/\/schema.org","@graph":[{"@type":"WebPage","@id":"https:\/\/gillmanfest.com.ve\/caracas-2023\/ubicacion-gf\/","url":"https:\/\/gillmanfest.com.ve\/caracas-2023\/ubicacion-gf\/","name":"UBICACI\u00d3N GF - GILLMANFEST","isPartOf":{"@id":"https:\/\/gillmanfest.com.ve\/caracas-2023\/#website"},"primaryImageOfPage":{"@id":"https:\/\/gillmanfest.com.ve\/caracas-2023\/ubicacion-gf\/#primaryimage"},"image":{"@id":"https:\/\/gillmanfest.com.ve\/caracas-2023\/ubicacion-gf\/#primaryimage"},"thumbnailUrl":"https:\/\/gillmanfest.com.ve\/caracas-2023\/wp-content\/uploads\/2023\/03\/Binder1-1-scaled.jpg","datePublished":"2022-08-10T14:58:28+00:00","dateModified":"2023-10-14T17:48:34+00:00","description":"Ubicaci\u00f3n GF - GILLMANFEST CARACAS 2023 ser\u00e1 en el querido PARQUE LOS CAOBOS de Caracas, Distrito Capital...","breadcrumb":{"@id":"https:\/\/gillmanfest.com.ve\/caracas-2023\/ubicacion-gf\/#breadcrumb"},"inLanguage":"es","potentialAction":[{"@type":"ReadAction","target":["https:\/\/gillmanfest.com.ve\/caracas-2023\/ubicacion-gf\/"]}]},{"@type":"ImageObject","inLanguage":"es","@id":"https:\/\/gillmanfest.com.ve\/caracas-2023\/ubicacion-gf\/#primaryimage","url":"https:\/\/gillmanfest.com.ve\/caracas-2023\/wp-content\/uploads\/2023\/03\/Binder1-1-scaled.jpg","contentUrl":"https:\/\/gillmanfest.com.ve\/caracas-2023\/wp-content\/uploads\/2023\/03\/Binder1-1-scaled.jpg","width":2560,"height":1920},{"@type":"BreadcrumbList","@id":"https:\/\/gillmanfest.com.ve\/caracas-2023\/ubicacion-gf\/#breadcrumb","itemListElement":[{"@type":"ListItem","position":1,"name":"Home","item":"https:\/\/gillmanfest.com.ve\/caracas-2023\/"},{"@type":"ListItem","position":2,"name":"UBICACI\u00d3N GF"}]},{"@type":"WebSite","@id":"https:\/\/gillmanfest.com.ve\/caracas-2023\/#website","url":"https:\/\/gillmanfest.com.ve\/caracas-2023\/","name":"GILLMANFEST","description":"CARACAS 2023","publisher":{"@id":"https:\/\/gillmanfest.com.ve\/caracas-2023\/#organization"},"potentialAction":[{"@type":"SearchAction","target":{"@type":"EntryPoint","urlTemplate":"https:\/\/gillmanfest.com.ve\/caracas-2023\/?s={search_term_string}"},"query-input":{"@type":"PropertyValueSpecification","valueRequired":true,"valueName":"search_term_string"}}],"inLanguage":"es"},{"@type":"Organization","@id":"https:\/\/gillmanfest.com.ve\/caracas-2023\/#organization","name":"GILLMANFEST","url":"https:\/\/gillmanfest.com.ve\/caracas-2023\/","logo":{"@type":"ImageObject","inLanguage":"es","@id":"https:\/\/gillmanfest.com.ve\/caracas-2023\/#\/schema\/logo\/image\/","url":"https:\/\/gillmanfest.com.ve\/caracas-2023\/wp-content\/uploads\/2023\/10\/cropped-GF-CARACAS-2023.png","contentUrl":"https:\/\/gillmanfest.com.ve\/caracas-2023\/wp-content\/uploads\/2023\/10\/cropped-GF-CARACAS-2023.png","width":4000,"height":773,"caption":"GILLMANFEST "},"image":{"@id":"https:\/\/gillmanfest.com.ve\/caracas-2023\/#\/schema\/logo\/image\/"}}]}},"_links":{"self":[{"href":"https:\/\/gillmanfest.com.ve\/caracas-2023\/wp-json\/wp\/v2\/pages\/24","targetHints":{"allow":["GET"]}}],"collection":[{"href":"https:\/\/gillmanfest.com.ve\/caracas-2023\/wp-json\/wp\/v2\/pages"}],"about":[{"href":"https:\/\/gillmanfest.com.ve\/caracas-2023\/wp-json\/wp\/v2\/types\/page"}],"author":[{"embeddable":true,"href":"https:\/\/gillmanfest.com.ve\/caracas-2023\/wp-json\/wp\/v2\/users\/1"}],"replies":[{"embeddable":true,"href":"https:\/\/gillmanfest.com.ve\/caracas-2023\/wp-json\/wp\/v2\/comments?post=24"}],"version-history":[{"count":22,"href":"https:\/\/gillmanfest.com.ve\/caracas-2023\/wp-json\/wp\/v2\/pages\/24\/revisions"}],"predecessor-version":[{"id":909,"href":"https:\/\/gillmanfest.com.ve\/caracas-2023\/wp-json\/wp\/v2\/pages\/24\/revisions\/909"}],"wp:featuredmedia":[{"embeddable":true,"href":"https:\/\/gillmanfest.com.ve\/caracas-2023\/wp-json\/wp\/v2\/media\/805"}],"wp:attachment":[{"href":"https:\/\/gillmanfest.com.ve\/caracas-2023\/wp-json\/wp\/v2\/media?parent=24"}],"curies":[{"name":"wp","href":"https:\/\/api.w.org\/{rel}","templated":true}]}}