
{"id":26,"date":"2022-08-10T14:58:46","date_gmt":"2022-08-10T14:58:46","guid":{"rendered":"https:\/\/gillmanfest.com.ve\/carabobo-2023\/?page_id=26"},"modified":"2023-03-12T02:20:41","modified_gmt":"2023-03-12T02:20:41","slug":"prensa","status":"publish","type":"page","link":"https:\/\/gillmanfest.com.ve\/carabobo-2023\/prensa\/","title":{"rendered":"PRENSA"},"content":{"rendered":"<p><img decoding=\"async\" src=\"https:\/\/gillmanfest.com.ve\/carabobo-2023\/GF-CARABOBO-2023.png\" oncopy=\"alert('Funci\u00f3n no permitida');return false\" oncontextmenu=\"alert('Funci\u00f3n no permitida');return false\" title=\"GILLMANFEST CARABOBO 2023\" width=\"700\"><\/a><\/p>\n<p><center><\/p>\n<h2>P R E N S A<\/h2>\n<p><\/center><\/p>\n<p><strong>Desde el anuncio del evento hemos recibido solicitudes de colegas de la prensa, especializada o no, que desean ser acreditados a esta edici\u00f3n del GILLMANFEST, y que no formaron parte de los medios que difundieron los primeros eventos de CORAZ\u00d3N ROCKERO de esta nueva etapa (Kultura Rock en vivo en Valencia, Naguanagua, y Maracay, adem\u00e1s del Festival de las Flores en Caracas -D\u00eda del Rock Nacional).<\/p>\n<p>Debemos informar que del estricto cumplimiento de estas normas dictadas por la Jefatura de Prensa del GILLMANFEST, con aprobaci\u00f3n de la presidencia de CORAZ\u00d3N ROCKERO, depender\u00e1 no solo tu acreditaci\u00f3n, colega de la prensa, sino tu cobertura de las pr\u00f3ximas ediciones del GILLMANFEST.<\/strong><\/p>\n<h3>NORMAS PARA LA PRENSA QUE DESEE ACREDITARSE<\/h3>\n<p><\/p>\n<p><b>01.<\/b> Todo medio de difusi\u00f3n, especializado o no en Rock o Metal, que desee cubrir el GILLMANFEST CARABOBO 2023, deber\u00e1 comunicarse con ENNIO DI MARCANTONIO (JEFE DE PRENSA DEL FESTIVAL), a trav\u00e9s del Whatsapp para obtener las tareas para su acreditaci\u00f3n.<\/p>\n<p><a href=\"https:\/\/wa.me\/584168114384\" target=\"_new\" rel=\"noopener\"><img decoding=\"async\" src=\"https:\/\/gillmanfest.com.ve\/carabobo-2023\/BOTON-WHATSAPP-ACREDITACION-DE-PRENSA.jpg\" oncopy=\"alert('Funci\u00f3n no permitida');return false\" oncontextmenu=\"alert('Funci\u00f3n no permitida');return false\" title=\"SOLICITA TU ACREDITACI\u00d3N DE PRENSA AQU\u00cd\" width=\"700\"><\/a><\/p>\n<p><b>02.<\/b> El Jefe de Prensa es el \u00fanico autorizado para acreditar medios, permitir el acceso a la cobertura de eventos, y confirmar entrevistas tanto de las bandas venezolanas, como de la banda internacional invitada al GILLMANFEST. Cualquier medio o individualidad que incumpla las instrucciones del Jefe de Prensa o tome acciones que no fueron autorizadas por el mismo ser\u00e1 suspendido por lapso de dos (2) a\u00f1os de todos los eventos de CORAZ\u00d3N ROCKERO, incluyendo los pr\u00f3ximos GILLMANFEST, por conducta anti-profesional, como ocurri\u00f3 en una edici\u00f3n anterior del festival.<\/p>\n<p><b>03.<\/b> NO SE ADMITIR\u00c1 NING\u00daN MEDIO QUE NO HAYA CONTACTADO AL JEFE DE PRENSA DEL GILLMANFEST. Tanto Paul Gillman, presidente de la fundaci\u00f3n CORAZ\u00d3N ROCKERO, como cualquier otro compa\u00f1ero o compa\u00f1era de nuestro equipo, han convenido dar a las o los comunicadores que los contacten el n\u00famero de ENNIO DI MARCANTONIO (JEFE DE PRENSA DEL FESTIVAL), \u00fanico autorizado para acreditar medios que cubran el mismo. Quien no haga el tr\u00e1mite a trav\u00e9s del Jefe de Prensa, no ser\u00e1 acreditado para cubrir el GILLMANFEST.<\/p>\n<p><b>04.<\/b> Todo colega, toda colega, que desee ser acreditado para el GILLMANFEST CARABOBO 2023, debe DIFUNDIR, DESDE SU MEDIO DE COMUNICACI\u00d3N (si es programa de televisi\u00f3n, mostrar imagen textual y leer; si es programa de radio, leer textualmente; si es p\u00e1gina web o red social, publicar textualmente) cada COMUNICADO OFICIAL que publique la Jefatura de Prensa del GILLMANFEST CARABOBO 2023. Para ayudar a las y los colegas, Ennio Di Marcantonio, Jefe de Prensa del Gillmanfest, estar\u00e1 publicando cada comunicado, con su foto respectiva, en el muro del Facebook de LA DESCARGA, programa de radio aliado del GILLMANFEST.<\/p>\n<p><b>05.<\/b> Todo medio que desee ser acreditado para este Festival, DEBE ENTREVISTAR A LAS SIETE (7) BANDAS DE METAL VENEZOLANO INVITADAS AL GILLMANFEST CARABOBO 2023. Es decir, debe entrevistar a OD\u00cdN, ALUVION, DEATH MORTOR, HORUS, WOR, ALTO VOLTAJE, COLLATERAL DETRIMENT y KASINO. Solo ser\u00e1 acreditado el medio que nos env\u00ede las OCHO (8) ENTREVISTAS A LAS BANDAS DE METAL VENEZOLANO, DEBIDAMENTE PUBLICADAS POR SU MEDIO DE DIFUSI\u00d3N.<\/p>\n<p><b>06.<\/b> Todo medio que desee ser acreditado, debe dejar claro, en toda nota que haga sobre nuestro Festival, que EL GILLMANFEST ES UN FESTIVAL DE METAL VENEZOLANO, CON INVITADO INTERNACIONAL. Entendemos el valor noticioso, para algunas y algunos colegas, de la banda internacional, m\u00e1s en el contexto del inicio de la Segunda Etapa de la mejor \u00e9poca del Metal en la historia de Venezuela, pero la Jefatura de Prensa del Gillmanfest se reserva el derecho de admitir a los medios de acuerdo a la igualdad que den a las bandas venezolanas, con respecto a su par internacional.<\/p>\n<p><b>07.<\/b> Una vez cumplidos los SEIS (6) requisitos anteriores, la Jefatura de Prensa del GILLMANFEST CARABOBO 2023, le comunicar\u00e1 a su medio de difusi\u00f3n que ha sido acreditado para el Festival, teniendo que presentarse en Maracay, Estado Aragua, para todos los eventos que la misma anuncie.<\/p>\n<p><b>08.<\/b> Es importante a\u00f1adir que la Jefatura de Prensa tratar\u00e1 de dar a cada medio el n\u00famero de pases que soliciten, siempre que los mismos tengan una justificaci\u00f3n v\u00e1lida. Pero dada la cantidad de medios que se esperan, cuya prioridad daremos a quienes cubrieron los eventos de CORAZ\u00d3N ROCKERO de finales de 2021 y de este 2023, la Jefatura de Prensa se reserva el derecho de restringir el n\u00famero de pases que solicite cada medio, lo que obligar\u00e1 al mismo a comprar entradas para el GILLMANFEST si desea que sus miembros que no fueron acreditados est\u00e9n en el evento (por supuesto, sin el derecho a cobertura que tendr\u00e1 quien o quienes reciban los pases de prensa).<\/p>\n<p><b>09.<\/b> Como es normal en cualquier tarea period\u00edstica, QUIEN SEA ACREDITADO, DEBE CUBRIR TODO EL \u00abGILLMANFEST CARABOBO 2023\u00bb. Esto quiere decir que la colega o el colega a quien se le comunique que cubrir\u00e1 el Festival DEBE PRESENTARSE PARA SER ACREDITADO, A M\u00c1S TARDAR Y SIN EXCEPCI\u00d3N, EN LA CONCHA AC\u00daSTICA DE NAGUANAGUA, ESTADO CARABOBO, PARA CUBRIR A LAS DIEZ (10) BANDAS QUE ESTAR\u00c1N EN EL FESTIVAL (OD\u00cdN, ALUVION, DEATH MORTOR, HORUS, WOR, ALTO VOLTAJE, COLLATERAL DETRIMENT, KASINO, GILLMAN y CRYPTA). De no hacerlo, tendr\u00e1 que comprar su entrada en la taquilla del evento, e ingresar como p\u00fablico al mismo, perdiendo su derecho a cubrir esta edici\u00f3n del GILLMANFEST, y a cubrir los pr\u00f3ximos eventos de CORAZ\u00d3N ROCKERO.<\/p>\n<p><b>10.<\/b> Finalmente, como algunos medios, a pesar de la difusi\u00f3n que tuvieron los anteriores eventos de CORAZ\u00d3N ROCKERO solo nos han pedido acreditaci\u00f3n para este evento, informamos que DESDE ESTE 2022, LAS ACREDITACIONES A LOS PR\u00d3XIMOS GILLMANFEST, POSTERIORES A ARAGUA, NO SER\u00c1N AUTOM\u00c1TICAS. Quien desee ser acreditado DEBER\u00c1 CUBRIR TODOS LOS \u201cKULTURA ROCK EN VIVO\u201d, Y EL \u201cFESTIVAL DE LAS FLORES\u201d, tal como nos piden cubrir los Gillmanfest. En CORAZ\u00d3N ROCKERO, el Rock Nacional, y el Metal venezolano, son prioridad.<\/p>\n<p>Atentamente&#8230;<\/p>\n<p>ENNIO DI MARCANTONIO<br \/>\nJEFE DE PRENSA DEL GILLMANFEST<br \/>\nTel\u00e9fono: +58 416 811 4384<\/p>\n<p>&#8212;&#8212;&#8212;&#8212;&#8212;&#8212;&#8212;&#8212;&#8212;&#8212;&#8212;&#8212;&#8211;<\/p>\n<p><H3>LISTADO DE MEDIOS ACREDITADOS<\/H3><\/p>\n<p><b>01.<\/b><br \/>\nMedio:<br \/>\nCiudad:<br \/>\nResponsable: <\/p>\n","protected":false},"excerpt":{"rendered":"<p>P R E N S A Desde el anuncio del evento hemos recibido solicitudes de colegas de la prensa, especializada o no, que desean ser acreditados a esta edici\u00f3n del GILLMANFEST, y que no formaron parte de los medios que difundieron los primeros eventos de CORAZ\u00d3N ROCKERO de esta nueva etapa (Kultura Rock en vivo [&hellip;]<\/p>\n","protected":false},"author":1,"featured_media":0,"parent":0,"menu_order":0,"comment_status":"closed","ping_status":"closed","template":"","meta":{"footnotes":""},"class_list":["post-26","page","type-page","status-publish","hentry"],"yoast_head":"<!-- This site is optimized with the Yoast SEO plugin v27.4 - https:\/\/yoast.com\/product\/yoast-seo-wordpress\/ -->\n<title>PRENSA - GILLMANFEST CARABOBO 2023<\/title>\n<meta name=\"description\" content=\"PRENSA del GILLMANFEST: Si eres un profesional de PRENSA y quieres cubrir TODOS nuestros eventos, ac\u00e1 te dejamos la informaci\u00f3n...\" \/>\n<meta name=\"robots\" content=\"index, follow, max-snippet:-1, max-image-preview:large, max-video-preview:-1\" \/>\n<link rel=\"canonical\" href=\"https:\/\/gillmanfest.com.ve\/carabobo-2023\/prensa\/\" \/>\n<meta property=\"og:locale\" content=\"es_ES\" \/>\n<meta property=\"og:type\" content=\"article\" \/>\n<meta property=\"og:title\" content=\"PRENSA - GILLMANFEST CARABOBO 2023\" \/>\n<meta property=\"og:description\" content=\"PRENSA del GILLMANFEST: Si eres un profesional de PRENSA y quieres cubrir TODOS nuestros eventos, ac\u00e1 te dejamos la informaci\u00f3n...\" \/>\n<meta property=\"og:url\" content=\"https:\/\/gillmanfest.com.ve\/carabobo-2023\/prensa\/\" \/>\n<meta property=\"og:site_name\" content=\"GILLMANFEST CARABOBO 2023\" \/>\n<meta property=\"article:modified_time\" content=\"2023-03-12T02:20:41+00:00\" \/>\n<meta property=\"og:image\" content=\"https:\/\/gillmanfest.com.ve\/carabobo-2023\/GF-CARABOBO-2023.png\" \/>\n<meta name=\"twitter:card\" content=\"summary_large_image\" \/>\n<meta name=\"twitter:label1\" content=\"Tiempo de lectura\" \/>\n\t<meta name=\"twitter:data1\" content=\"6 minutos\" \/>\n<script type=\"application\/ld+json\" class=\"yoast-schema-graph\">{\"@context\":\"https:\\\/\\\/schema.org\",\"@graph\":[{\"@type\":\"WebPage\",\"@id\":\"https:\\\/\\\/gillmanfest.com.ve\\\/carabobo-2023\\\/prensa\\\/\",\"url\":\"https:\\\/\\\/gillmanfest.com.ve\\\/carabobo-2023\\\/prensa\\\/\",\"name\":\"PRENSA - GILLMANFEST CARABOBO 2023\",\"isPartOf\":{\"@id\":\"https:\\\/\\\/gillmanfest.com.ve\\\/carabobo-2023\\\/#website\"},\"primaryImageOfPage\":{\"@id\":\"https:\\\/\\\/gillmanfest.com.ve\\\/carabobo-2023\\\/prensa\\\/#primaryimage\"},\"image\":{\"@id\":\"https:\\\/\\\/gillmanfest.com.ve\\\/carabobo-2023\\\/prensa\\\/#primaryimage\"},\"thumbnailUrl\":\"https:\\\/\\\/gillmanfest.com.ve\\\/carabobo-2023\\\/GF-CARABOBO-2023.png\",\"datePublished\":\"2022-08-10T14:58:46+00:00\",\"dateModified\":\"2023-03-12T02:20:41+00:00\",\"description\":\"PRENSA del GILLMANFEST: Si eres un profesional de PRENSA y quieres cubrir TODOS nuestros eventos, ac\u00e1 te dejamos la informaci\u00f3n...\",\"breadcrumb\":{\"@id\":\"https:\\\/\\\/gillmanfest.com.ve\\\/carabobo-2023\\\/prensa\\\/#breadcrumb\"},\"inLanguage\":\"es\",\"potentialAction\":[{\"@type\":\"ReadAction\",\"target\":[\"https:\\\/\\\/gillmanfest.com.ve\\\/carabobo-2023\\\/prensa\\\/\"]}]},{\"@type\":\"ImageObject\",\"inLanguage\":\"es\",\"@id\":\"https:\\\/\\\/gillmanfest.com.ve\\\/carabobo-2023\\\/prensa\\\/#primaryimage\",\"url\":\"https:\\\/\\\/gillmanfest.com.ve\\\/carabobo-2023\\\/GF-CARABOBO-2023.png\",\"contentUrl\":\"https:\\\/\\\/gillmanfest.com.ve\\\/carabobo-2023\\\/GF-CARABOBO-2023.png\"},{\"@type\":\"BreadcrumbList\",\"@id\":\"https:\\\/\\\/gillmanfest.com.ve\\\/carabobo-2023\\\/prensa\\\/#breadcrumb\",\"itemListElement\":[{\"@type\":\"ListItem\",\"position\":1,\"name\":\"Home\",\"item\":\"https:\\\/\\\/gillmanfest.com.ve\\\/carabobo-2023\\\/\"},{\"@type\":\"ListItem\",\"position\":2,\"name\":\"PRENSA\"}]},{\"@type\":\"WebSite\",\"@id\":\"https:\\\/\\\/gillmanfest.com.ve\\\/carabobo-2023\\\/#website\",\"url\":\"https:\\\/\\\/gillmanfest.com.ve\\\/carabobo-2023\\\/\",\"name\":\"GILLMANFEST CARABOBO 2023\",\"description\":\"CARABOBO 2023\",\"publisher\":{\"@id\":\"https:\\\/\\\/gillmanfest.com.ve\\\/carabobo-2023\\\/#organization\"},\"potentialAction\":[{\"@type\":\"SearchAction\",\"target\":{\"@type\":\"EntryPoint\",\"urlTemplate\":\"https:\\\/\\\/gillmanfest.com.ve\\\/carabobo-2023\\\/?s={search_term_string}\"},\"query-input\":{\"@type\":\"PropertyValueSpecification\",\"valueRequired\":true,\"valueName\":\"search_term_string\"}}],\"inLanguage\":\"es\"},{\"@type\":\"Organization\",\"@id\":\"https:\\\/\\\/gillmanfest.com.ve\\\/carabobo-2023\\\/#organization\",\"name\":\"GILLMANFEST CARABOBO 2023\",\"url\":\"https:\\\/\\\/gillmanfest.com.ve\\\/carabobo-2023\\\/\",\"logo\":{\"@type\":\"ImageObject\",\"inLanguage\":\"es\",\"@id\":\"https:\\\/\\\/gillmanfest.com.ve\\\/carabobo-2023\\\/#\\\/schema\\\/logo\\\/image\\\/\",\"url\":\"https:\\\/\\\/gillmanfest.com.ve\\\/carabobo-2023\\\/wp-content\\\/uploads\\\/2023\\\/03\\\/cropped-GF-CARABOBO-2023.png\",\"contentUrl\":\"https:\\\/\\\/gillmanfest.com.ve\\\/carabobo-2023\\\/wp-content\\\/uploads\\\/2023\\\/03\\\/cropped-GF-CARABOBO-2023.png\",\"width\":2000,\"height\":366,\"caption\":\"GILLMANFEST CARABOBO 2023\"},\"image\":{\"@id\":\"https:\\\/\\\/gillmanfest.com.ve\\\/carabobo-2023\\\/#\\\/schema\\\/logo\\\/image\\\/\"}}]}<\/script>\n<!-- \/ Yoast SEO plugin. -->","yoast_head_json":{"title":"PRENSA - GILLMANFEST CARABOBO 2023","description":"PRENSA del GILLMANFEST: Si eres un profesional de PRENSA y quieres cubrir TODOS nuestros eventos, ac\u00e1 te dejamos la informaci\u00f3n...","robots":{"index":"index","follow":"follow","max-snippet":"max-snippet:-1","max-image-preview":"max-image-preview:large","max-video-preview":"max-video-preview:-1"},"canonical":"https:\/\/gillmanfest.com.ve\/carabobo-2023\/prensa\/","og_locale":"es_ES","og_type":"article","og_title":"PRENSA - GILLMANFEST CARABOBO 2023","og_description":"PRENSA del GILLMANFEST: Si eres un profesional de PRENSA y quieres cubrir TODOS nuestros eventos, ac\u00e1 te dejamos la informaci\u00f3n...","og_url":"https:\/\/gillmanfest.com.ve\/carabobo-2023\/prensa\/","og_site_name":"GILLMANFEST CARABOBO 2023","article_modified_time":"2023-03-12T02:20:41+00:00","og_image":[{"url":"https:\/\/gillmanfest.com.ve\/carabobo-2023\/GF-CARABOBO-2023.png","type":"","width":"","height":""}],"twitter_card":"summary_large_image","twitter_misc":{"Tiempo de lectura":"6 minutos"},"schema":{"@context":"https:\/\/schema.org","@graph":[{"@type":"WebPage","@id":"https:\/\/gillmanfest.com.ve\/carabobo-2023\/prensa\/","url":"https:\/\/gillmanfest.com.ve\/carabobo-2023\/prensa\/","name":"PRENSA - GILLMANFEST CARABOBO 2023","isPartOf":{"@id":"https:\/\/gillmanfest.com.ve\/carabobo-2023\/#website"},"primaryImageOfPage":{"@id":"https:\/\/gillmanfest.com.ve\/carabobo-2023\/prensa\/#primaryimage"},"image":{"@id":"https:\/\/gillmanfest.com.ve\/carabobo-2023\/prensa\/#primaryimage"},"thumbnailUrl":"https:\/\/gillmanfest.com.ve\/carabobo-2023\/GF-CARABOBO-2023.png","datePublished":"2022-08-10T14:58:46+00:00","dateModified":"2023-03-12T02:20:41+00:00","description":"PRENSA del GILLMANFEST: Si eres un profesional de PRENSA y quieres cubrir TODOS nuestros eventos, ac\u00e1 te dejamos la informaci\u00f3n...","breadcrumb":{"@id":"https:\/\/gillmanfest.com.ve\/carabobo-2023\/prensa\/#breadcrumb"},"inLanguage":"es","potentialAction":[{"@type":"ReadAction","target":["https:\/\/gillmanfest.com.ve\/carabobo-2023\/prensa\/"]}]},{"@type":"ImageObject","inLanguage":"es","@id":"https:\/\/gillmanfest.com.ve\/carabobo-2023\/prensa\/#primaryimage","url":"https:\/\/gillmanfest.com.ve\/carabobo-2023\/GF-CARABOBO-2023.png","contentUrl":"https:\/\/gillmanfest.com.ve\/carabobo-2023\/GF-CARABOBO-2023.png"},{"@type":"BreadcrumbList","@id":"https:\/\/gillmanfest.com.ve\/carabobo-2023\/prensa\/#breadcrumb","itemListElement":[{"@type":"ListItem","position":1,"name":"Home","item":"https:\/\/gillmanfest.com.ve\/carabobo-2023\/"},{"@type":"ListItem","position":2,"name":"PRENSA"}]},{"@type":"WebSite","@id":"https:\/\/gillmanfest.com.ve\/carabobo-2023\/#website","url":"https:\/\/gillmanfest.com.ve\/carabobo-2023\/","name":"GILLMANFEST CARABOBO 2023","description":"CARABOBO 2023","publisher":{"@id":"https:\/\/gillmanfest.com.ve\/carabobo-2023\/#organization"},"potentialAction":[{"@type":"SearchAction","target":{"@type":"EntryPoint","urlTemplate":"https:\/\/gillmanfest.com.ve\/carabobo-2023\/?s={search_term_string}"},"query-input":{"@type":"PropertyValueSpecification","valueRequired":true,"valueName":"search_term_string"}}],"inLanguage":"es"},{"@type":"Organization","@id":"https:\/\/gillmanfest.com.ve\/carabobo-2023\/#organization","name":"GILLMANFEST CARABOBO 2023","url":"https:\/\/gillmanfest.com.ve\/carabobo-2023\/","logo":{"@type":"ImageObject","inLanguage":"es","@id":"https:\/\/gillmanfest.com.ve\/carabobo-2023\/#\/schema\/logo\/image\/","url":"https:\/\/gillmanfest.com.ve\/carabobo-2023\/wp-content\/uploads\/2023\/03\/cropped-GF-CARABOBO-2023.png","contentUrl":"https:\/\/gillmanfest.com.ve\/carabobo-2023\/wp-content\/uploads\/2023\/03\/cropped-GF-CARABOBO-2023.png","width":2000,"height":366,"caption":"GILLMANFEST CARABOBO 2023"},"image":{"@id":"https:\/\/gillmanfest.com.ve\/carabobo-2023\/#\/schema\/logo\/image\/"}}]}},"_links":{"self":[{"href":"https:\/\/gillmanfest.com.ve\/carabobo-2023\/wp-json\/wp\/v2\/pages\/26","targetHints":{"allow":["GET"]}}],"collection":[{"href":"https:\/\/gillmanfest.com.ve\/carabobo-2023\/wp-json\/wp\/v2\/pages"}],"about":[{"href":"https:\/\/gillmanfest.com.ve\/carabobo-2023\/wp-json\/wp\/v2\/types\/page"}],"author":[{"embeddable":true,"href":"https:\/\/gillmanfest.com.ve\/carabobo-2023\/wp-json\/wp\/v2\/users\/1"}],"replies":[{"embeddable":true,"href":"https:\/\/gillmanfest.com.ve\/carabobo-2023\/wp-json\/wp\/v2\/comments?post=26"}],"version-history":[{"count":26,"href":"https:\/\/gillmanfest.com.ve\/carabobo-2023\/wp-json\/wp\/v2\/pages\/26\/revisions"}],"predecessor-version":[{"id":720,"href":"https:\/\/gillmanfest.com.ve\/carabobo-2023\/wp-json\/wp\/v2\/pages\/26\/revisions\/720"}],"wp:attachment":[{"href":"https:\/\/gillmanfest.com.ve\/carabobo-2023\/wp-json\/wp\/v2\/media?parent=26"}],"curies":[{"name":"wp","href":"https:\/\/api.w.org\/{rel}","templated":true}]}}