
{"id":22,"date":"2022-08-10T14:58:04","date_gmt":"2022-08-10T14:58:04","guid":{"rendered":"https:\/\/gillmanfest.com.ve\/carabobo-2023\/?page_id=22"},"modified":"2023-03-15T19:03:51","modified_gmt":"2023-03-15T19:03:51","slug":"tickets","status":"publish","type":"page","link":"https:\/\/gillmanfest.com.ve\/carabobo-2023\/tickets\/","title":{"rendered":"TICKETS"},"content":{"rendered":"<p><img decoding=\"async\" src=\"https:\/\/gillmanfest.com.ve\/carabobo-2023\/GF-CARABOBO-2023.png\" oncopy=\"alert('Funci\u00f3n no permitida');return false\" oncontextmenu=\"alert('Funci\u00f3n no permitida');return false\" title=\"GILLMANFEST CARABOBO 2023\" width=\"700\"><\/a><\/p>\n<p><center><\/p>\n<h2>PUNTOS DE VENTA<\/h2>\n<p><\/center><\/p>\n<p><strong>TICKETS EN F\u00cdSICO<\/strong><\/p>\n<p><b>PRECIO: $10 c\/u<\/b> (con cargos incluidos).<br \/>\nPrecio v\u00e1lido hasta el Viernes 05 de Mayo de 2023.<\/p>\n<hr>\n<\/hr>\n<h2>Importante<\/h2>\n<p>\n<b>Acceso Gratuito para:<\/b><br \/>\n&#8211; Todas las mujeres podr\u00e1n ingresar de manera gratuita.<br \/>\n&#8211; Menores de 18 a\u00f1os (acompa\u00f1ados de sus padres y\/o representantes).<br \/>\n&#8211; Mayores de 60 a\u00f1os y personas con discapacidad.<\/p>\n<hr>\n<\/hr>\n<p><strong>TICKETS Disponibles en:<\/strong><\/p>\n<h3>\u00b7 VALENCIA<\/h3>\n<p><b>FRANELAS KOLISION<\/b><br \/>\n(Donde tambi\u00e9n puedes adquirir las Franelas de GILLMAN y del GILLMANFEST).<br \/>\n<b>Direcci\u00f3n:<\/b> Centro Comercial Villa Alegre<br \/>\nAv. Bol\u00edvar Norte, diagonal al Tijerazo<br \/>\nValencia, Estado Carabobo.<br \/>\n<b>Tel\u00e9fono:<\/b> 0414-348-8875<br \/>\n<b>Instagram:<\/b> @franelas_kolision<\/p>\n<h3>\u00b7 MARACAY<\/h3>\n<p><b>SAURON ROCK TATTOO<\/b><br \/>\n<b>Direcci\u00f3n:<\/b> Centro Comercial \u00abLas Am\u00e9ricas\u00bb<br \/>\nNivel Feria de Comida &#8211; Local P1-71<br \/>\nMaracay, Estado Aragua.<br \/>\n<b>Tel\u00e9fono:<\/b> 0412-435-7472<br \/>\n<b>Instagram:<\/b> @sauronrocktattoo<\/p>\n<h3>\u00b7 CARACAS<\/h3>\n<p><b>ARIAH RECORDS<\/b><br \/>\n<b>Direcci\u00f3n:<\/b> Boulevard de Sabana Grande con calle El Recreo<br \/>\nTorre Centrum &#8211; Nivel B2 &#8211; Local 23 \u2013 Caracas.<br \/>\n<b>Tel\u00e9fono:<\/b> 0212-761-2735<br \/>\n<b>Facebook:<\/b> Ariah Records<br \/>\n<b>Instagram:<\/b> @ariahrecords<br \/>\n<b>Telegram:<\/b> Ariah Records<\/p>\n<hr>\n<\/hr>\n<p><strong>VENTA DE TICKETS DIGITALES<\/strong><\/p>\n<p><a href=\"https:\/\/solotickets.com\/gillmanfests-carabobo\/\" target=\"_new\" rel=\"noopener\"><img decoding=\"async\" src=\"https:\/\/gillmanfest.com.ve\/carabobo-2023\/BOTON-1080-SOLOTICKETS-GF-ARAGUA-2022.jpg\" oncopy=\"alert('Funci\u00f3n no permitida');return false\" oncontextmenu=\"alert('Funci\u00f3n no permitida');return false\" title=\"COMPRA TUS TICKETS DIGITALES CON SOLOTICKETS\" width=\"700\"><\/a><\/p>\n<p><b>IMPORTANTE:<\/b> ADQUIERE LOS TICKETS SOLO EN LAS TIENDAS QUE AQU\u00cd TE INDICAMOS, Y EN LAS PLATAFORMAS OFICIALES DEL GILLMANFEST CARABOBO 2023: Sin la entrada oficial, no podr\u00e1s entrar al Festival.<\/p>\n<hr>\n<\/hr>\n<p><strong>SOLAMENTE PARA LOS ORGANIZADORES DE TOURS<\/strong><\/p>\n<p><strong>SI DESEAS COMPRAR ENTRADAS F\u00cdSICAS AL MAYOR (para los tours).<\/strong><br \/>\n<b>Comun\u00edcate al tel\u00e9fono:<\/b>  <a href=\"https:\/\/wa.me\/584124742628\" target=\"_blank\" rel=\"noopener\">0412-474-2628<\/a><\/p>\n<hr>\n<\/hr>\n","protected":false},"excerpt":{"rendered":"<p>PUNTOS DE VENTA TICKETS EN F\u00cdSICO PRECIO: $10 c\/u (con cargos incluidos). Precio v\u00e1lido hasta el Viernes 05 de Mayo de 2023. Importante Acceso Gratuito para: &#8211; Todas las mujeres podr\u00e1n ingresar de manera gratuita. &#8211; Menores de 18 a\u00f1os (acompa\u00f1ados de sus padres y\/o representantes). &#8211; Mayores de 60 a\u00f1os y personas con discapacidad. [&hellip;]<\/p>\n","protected":false},"author":1,"featured_media":0,"parent":0,"menu_order":0,"comment_status":"closed","ping_status":"closed","template":"","meta":{"footnotes":""},"class_list":["post-22","page","type-page","status-publish","hentry"],"yoast_head":"<!-- This site is optimized with the Yoast SEO plugin v27.4 - https:\/\/yoast.com\/product\/yoast-seo-wordpress\/ -->\n<title>TICKETS - GILLMANFEST CARABOBO 2023<\/title>\n<meta name=\"description\" content=\"TICKETS para el GILLMANFEST ARAGUA 2023, ac\u00e1 tienes toda la informaci\u00f3n necesaria para poder adquirir tus TICKETS y disfrutar del evento...\" \/>\n<meta name=\"robots\" content=\"index, follow, max-snippet:-1, max-image-preview:large, max-video-preview:-1\" \/>\n<link rel=\"canonical\" href=\"https:\/\/gillmanfest.com.ve\/carabobo-2023\/tickets\/\" \/>\n<meta property=\"og:locale\" content=\"es_ES\" \/>\n<meta property=\"og:type\" content=\"article\" \/>\n<meta property=\"og:title\" content=\"TICKETS - GILLMANFEST CARABOBO 2023\" \/>\n<meta property=\"og:description\" content=\"TICKETS para el GILLMANFEST ARAGUA 2023, ac\u00e1 tienes toda la informaci\u00f3n necesaria para poder adquirir tus TICKETS y disfrutar del evento...\" \/>\n<meta property=\"og:url\" content=\"https:\/\/gillmanfest.com.ve\/carabobo-2023\/tickets\/\" \/>\n<meta property=\"og:site_name\" content=\"GILLMANFEST CARABOBO 2023\" \/>\n<meta property=\"article:modified_time\" content=\"2023-03-15T19:03:51+00:00\" \/>\n<meta property=\"og:image\" content=\"https:\/\/gillmanfest.com.ve\/carabobo-2023\/GF-CARABOBO-2023.png\" \/>\n<meta name=\"twitter:card\" content=\"summary_large_image\" \/>\n<meta name=\"twitter:label1\" content=\"Tiempo de lectura\" \/>\n\t<meta name=\"twitter:data1\" content=\"2 minutos\" \/>\n<script type=\"application\/ld+json\" class=\"yoast-schema-graph\">{\"@context\":\"https:\\\/\\\/schema.org\",\"@graph\":[{\"@type\":\"WebPage\",\"@id\":\"https:\\\/\\\/gillmanfest.com.ve\\\/carabobo-2023\\\/tickets\\\/\",\"url\":\"https:\\\/\\\/gillmanfest.com.ve\\\/carabobo-2023\\\/tickets\\\/\",\"name\":\"TICKETS - GILLMANFEST CARABOBO 2023\",\"isPartOf\":{\"@id\":\"https:\\\/\\\/gillmanfest.com.ve\\\/carabobo-2023\\\/#website\"},\"primaryImageOfPage\":{\"@id\":\"https:\\\/\\\/gillmanfest.com.ve\\\/carabobo-2023\\\/tickets\\\/#primaryimage\"},\"image\":{\"@id\":\"https:\\\/\\\/gillmanfest.com.ve\\\/carabobo-2023\\\/tickets\\\/#primaryimage\"},\"thumbnailUrl\":\"https:\\\/\\\/gillmanfest.com.ve\\\/carabobo-2023\\\/GF-CARABOBO-2023.png\",\"datePublished\":\"2022-08-10T14:58:04+00:00\",\"dateModified\":\"2023-03-15T19:03:51+00:00\",\"description\":\"TICKETS para el GILLMANFEST ARAGUA 2023, ac\u00e1 tienes toda la informaci\u00f3n necesaria para poder adquirir tus TICKETS y disfrutar del evento...\",\"breadcrumb\":{\"@id\":\"https:\\\/\\\/gillmanfest.com.ve\\\/carabobo-2023\\\/tickets\\\/#breadcrumb\"},\"inLanguage\":\"es\",\"potentialAction\":[{\"@type\":\"ReadAction\",\"target\":[\"https:\\\/\\\/gillmanfest.com.ve\\\/carabobo-2023\\\/tickets\\\/\"]}]},{\"@type\":\"ImageObject\",\"inLanguage\":\"es\",\"@id\":\"https:\\\/\\\/gillmanfest.com.ve\\\/carabobo-2023\\\/tickets\\\/#primaryimage\",\"url\":\"https:\\\/\\\/gillmanfest.com.ve\\\/carabobo-2023\\\/GF-CARABOBO-2023.png\",\"contentUrl\":\"https:\\\/\\\/gillmanfest.com.ve\\\/carabobo-2023\\\/GF-CARABOBO-2023.png\"},{\"@type\":\"BreadcrumbList\",\"@id\":\"https:\\\/\\\/gillmanfest.com.ve\\\/carabobo-2023\\\/tickets\\\/#breadcrumb\",\"itemListElement\":[{\"@type\":\"ListItem\",\"position\":1,\"name\":\"Home\",\"item\":\"https:\\\/\\\/gillmanfest.com.ve\\\/carabobo-2023\\\/\"},{\"@type\":\"ListItem\",\"position\":2,\"name\":\"TICKETS\"}]},{\"@type\":\"WebSite\",\"@id\":\"https:\\\/\\\/gillmanfest.com.ve\\\/carabobo-2023\\\/#website\",\"url\":\"https:\\\/\\\/gillmanfest.com.ve\\\/carabobo-2023\\\/\",\"name\":\"GILLMANFEST CARABOBO 2023\",\"description\":\"CARABOBO 2023\",\"publisher\":{\"@id\":\"https:\\\/\\\/gillmanfest.com.ve\\\/carabobo-2023\\\/#organization\"},\"potentialAction\":[{\"@type\":\"SearchAction\",\"target\":{\"@type\":\"EntryPoint\",\"urlTemplate\":\"https:\\\/\\\/gillmanfest.com.ve\\\/carabobo-2023\\\/?s={search_term_string}\"},\"query-input\":{\"@type\":\"PropertyValueSpecification\",\"valueRequired\":true,\"valueName\":\"search_term_string\"}}],\"inLanguage\":\"es\"},{\"@type\":\"Organization\",\"@id\":\"https:\\\/\\\/gillmanfest.com.ve\\\/carabobo-2023\\\/#organization\",\"name\":\"GILLMANFEST CARABOBO 2023\",\"url\":\"https:\\\/\\\/gillmanfest.com.ve\\\/carabobo-2023\\\/\",\"logo\":{\"@type\":\"ImageObject\",\"inLanguage\":\"es\",\"@id\":\"https:\\\/\\\/gillmanfest.com.ve\\\/carabobo-2023\\\/#\\\/schema\\\/logo\\\/image\\\/\",\"url\":\"https:\\\/\\\/gillmanfest.com.ve\\\/carabobo-2023\\\/wp-content\\\/uploads\\\/2023\\\/03\\\/cropped-GF-CARABOBO-2023.png\",\"contentUrl\":\"https:\\\/\\\/gillmanfest.com.ve\\\/carabobo-2023\\\/wp-content\\\/uploads\\\/2023\\\/03\\\/cropped-GF-CARABOBO-2023.png\",\"width\":2000,\"height\":366,\"caption\":\"GILLMANFEST CARABOBO 2023\"},\"image\":{\"@id\":\"https:\\\/\\\/gillmanfest.com.ve\\\/carabobo-2023\\\/#\\\/schema\\\/logo\\\/image\\\/\"}}]}<\/script>\n<!-- \/ Yoast SEO plugin. -->","yoast_head_json":{"title":"TICKETS - GILLMANFEST CARABOBO 2023","description":"TICKETS para el GILLMANFEST ARAGUA 2023, ac\u00e1 tienes toda la informaci\u00f3n necesaria para poder adquirir tus TICKETS y disfrutar del evento...","robots":{"index":"index","follow":"follow","max-snippet":"max-snippet:-1","max-image-preview":"max-image-preview:large","max-video-preview":"max-video-preview:-1"},"canonical":"https:\/\/gillmanfest.com.ve\/carabobo-2023\/tickets\/","og_locale":"es_ES","og_type":"article","og_title":"TICKETS - GILLMANFEST CARABOBO 2023","og_description":"TICKETS para el GILLMANFEST ARAGUA 2023, ac\u00e1 tienes toda la informaci\u00f3n necesaria para poder adquirir tus TICKETS y disfrutar del evento...","og_url":"https:\/\/gillmanfest.com.ve\/carabobo-2023\/tickets\/","og_site_name":"GILLMANFEST CARABOBO 2023","article_modified_time":"2023-03-15T19:03:51+00:00","og_image":[{"url":"https:\/\/gillmanfest.com.ve\/carabobo-2023\/GF-CARABOBO-2023.png","type":"","width":"","height":""}],"twitter_card":"summary_large_image","twitter_misc":{"Tiempo de lectura":"2 minutos"},"schema":{"@context":"https:\/\/schema.org","@graph":[{"@type":"WebPage","@id":"https:\/\/gillmanfest.com.ve\/carabobo-2023\/tickets\/","url":"https:\/\/gillmanfest.com.ve\/carabobo-2023\/tickets\/","name":"TICKETS - GILLMANFEST CARABOBO 2023","isPartOf":{"@id":"https:\/\/gillmanfest.com.ve\/carabobo-2023\/#website"},"primaryImageOfPage":{"@id":"https:\/\/gillmanfest.com.ve\/carabobo-2023\/tickets\/#primaryimage"},"image":{"@id":"https:\/\/gillmanfest.com.ve\/carabobo-2023\/tickets\/#primaryimage"},"thumbnailUrl":"https:\/\/gillmanfest.com.ve\/carabobo-2023\/GF-CARABOBO-2023.png","datePublished":"2022-08-10T14:58:04+00:00","dateModified":"2023-03-15T19:03:51+00:00","description":"TICKETS para el GILLMANFEST ARAGUA 2023, ac\u00e1 tienes toda la informaci\u00f3n necesaria para poder adquirir tus TICKETS y disfrutar del evento...","breadcrumb":{"@id":"https:\/\/gillmanfest.com.ve\/carabobo-2023\/tickets\/#breadcrumb"},"inLanguage":"es","potentialAction":[{"@type":"ReadAction","target":["https:\/\/gillmanfest.com.ve\/carabobo-2023\/tickets\/"]}]},{"@type":"ImageObject","inLanguage":"es","@id":"https:\/\/gillmanfest.com.ve\/carabobo-2023\/tickets\/#primaryimage","url":"https:\/\/gillmanfest.com.ve\/carabobo-2023\/GF-CARABOBO-2023.png","contentUrl":"https:\/\/gillmanfest.com.ve\/carabobo-2023\/GF-CARABOBO-2023.png"},{"@type":"BreadcrumbList","@id":"https:\/\/gillmanfest.com.ve\/carabobo-2023\/tickets\/#breadcrumb","itemListElement":[{"@type":"ListItem","position":1,"name":"Home","item":"https:\/\/gillmanfest.com.ve\/carabobo-2023\/"},{"@type":"ListItem","position":2,"name":"TICKETS"}]},{"@type":"WebSite","@id":"https:\/\/gillmanfest.com.ve\/carabobo-2023\/#website","url":"https:\/\/gillmanfest.com.ve\/carabobo-2023\/","name":"GILLMANFEST CARABOBO 2023","description":"CARABOBO 2023","publisher":{"@id":"https:\/\/gillmanfest.com.ve\/carabobo-2023\/#organization"},"potentialAction":[{"@type":"SearchAction","target":{"@type":"EntryPoint","urlTemplate":"https:\/\/gillmanfest.com.ve\/carabobo-2023\/?s={search_term_string}"},"query-input":{"@type":"PropertyValueSpecification","valueRequired":true,"valueName":"search_term_string"}}],"inLanguage":"es"},{"@type":"Organization","@id":"https:\/\/gillmanfest.com.ve\/carabobo-2023\/#organization","name":"GILLMANFEST CARABOBO 2023","url":"https:\/\/gillmanfest.com.ve\/carabobo-2023\/","logo":{"@type":"ImageObject","inLanguage":"es","@id":"https:\/\/gillmanfest.com.ve\/carabobo-2023\/#\/schema\/logo\/image\/","url":"https:\/\/gillmanfest.com.ve\/carabobo-2023\/wp-content\/uploads\/2023\/03\/cropped-GF-CARABOBO-2023.png","contentUrl":"https:\/\/gillmanfest.com.ve\/carabobo-2023\/wp-content\/uploads\/2023\/03\/cropped-GF-CARABOBO-2023.png","width":2000,"height":366,"caption":"GILLMANFEST CARABOBO 2023"},"image":{"@id":"https:\/\/gillmanfest.com.ve\/carabobo-2023\/#\/schema\/logo\/image\/"}}]}},"_links":{"self":[{"href":"https:\/\/gillmanfest.com.ve\/carabobo-2023\/wp-json\/wp\/v2\/pages\/22","targetHints":{"allow":["GET"]}}],"collection":[{"href":"https:\/\/gillmanfest.com.ve\/carabobo-2023\/wp-json\/wp\/v2\/pages"}],"about":[{"href":"https:\/\/gillmanfest.com.ve\/carabobo-2023\/wp-json\/wp\/v2\/types\/page"}],"author":[{"embeddable":true,"href":"https:\/\/gillmanfest.com.ve\/carabobo-2023\/wp-json\/wp\/v2\/users\/1"}],"replies":[{"embeddable":true,"href":"https:\/\/gillmanfest.com.ve\/carabobo-2023\/wp-json\/wp\/v2\/comments?post=22"}],"version-history":[{"count":40,"href":"https:\/\/gillmanfest.com.ve\/carabobo-2023\/wp-json\/wp\/v2\/pages\/22\/revisions"}],"predecessor-version":[{"id":817,"href":"https:\/\/gillmanfest.com.ve\/carabobo-2023\/wp-json\/wp\/v2\/pages\/22\/revisions\/817"}],"wp:attachment":[{"href":"https:\/\/gillmanfest.com.ve\/carabobo-2023\/wp-json\/wp\/v2\/media?parent=22"}],"curies":[{"name":"wp","href":"https:\/\/api.w.org\/{rel}","templated":true}]}}