
{"id":71,"date":"2022-08-10T15:43:35","date_gmt":"2022-08-10T15:43:35","guid":{"rendered":"https:\/\/gillmanfest.com.ve\/aragua-2023\/?page_id=71"},"modified":"2023-01-19T15:28:47","modified_gmt":"2023-01-19T15:28:47","slug":"gillmanfest-com-ve-aragua-2022","status":"publish","type":"page","link":"https:\/\/gillmanfest.com.ve\/aragua-2023\/","title":{"rendered":"GILLMANFEST ARAGUA 2023"},"content":{"rendered":"<p><img decoding=\"async\" src=\"https:\/\/gillmanfest.com.ve\/aragua-2023\/AFICHE-GF-EXTREMO-ARAGUA-2023.jpg\" oncopy=\"alert('Funci\u00f3n no permitida');return false\" oncontextmenu=\"alert('Funci\u00f3n no permitida');return false\" title=\"GILLMANFEST EXTREMO ARAGUA 2023\" width=\"900\"><\/a><\/p>\n\n<div class=\"wp-block-html5-player-parent\">\n<div data-video-id=\"1\" class='wp-block-html5-player-video html5_video_players'\n    class=\"wp-block-html5-player-video\" data-nonce=\"\n    ac4a088628\" data-attributes=\"\n    {&quot;source&quot;:&quot;https:\\\/\\\/gillmanfest.com.ve\\\/aragua-2023\\\/PROMO-GF-2023-TVES.mp4&quot;,&quot;provider&quot;:&quot;self-hosted&quot;,&quot;imported&quot;:false,&quot;skin&quot;:&quot;default&quot;,&quot;poster&quot;:&quot;&quot;,&quot;options&quot;:{&quot;controls&quot;:[&quot;play-large&quot;,&quot;play&quot;,&quot;progress&quot;,&quot;current-time&quot;,&quot;mute&quot;,&quot;volume&quot;,&quot;captions&quot;,&quot;settings&quot;,&quot;airplay&quot;,&quot;fullscreen&quot;],&quot;settings&quot;:[&quot;captions&quot;,&quot;quality&quot;,&quot;speed&quot;,&quot;loop&quot;],&quot;loadSprite&quot;:true,&quot;autoplay&quot;:false,&quot;playsinline&quot;:true,&quot;seekTime&quot;:10,&quot;volume&quot;:1,&quot;muted&quot;:false,&quot;hideControls&quot;:true,&quot;resetOnEnd&quot;:false,&quot;tooltips&quot;:{&quot;controls&quot;:true,&quot;seek&quot;:true},&quot;captions&quot;:{&quot;active&quot;:true,&quot;language&quot;:&quot;auto&quot;,&quot;update&quot;:true},&quot;ratio&quot;:null,&quot;storage&quot;:{&quot;enabled&quot;:true,&quot;key&quot;:&quot;plyr&quot;},&quot;speed&quot;:{&quot;options&quot;:[0.5,0.75,1,1.25,1.5,1.75,2,4]},&quot;loop&quot;:{&quot;active&quot;:false},&quot;ads&quot;:{&quot;enabled&quot;:true,&quot;tagUrl&quot;:null},&quot;urls&quot;:{&quot;enabled&quot;:false,&quot;download&quot;:null},&quot;markers&quot;:{&quot;enabled&quot;:false,&quot;points&quot;:[]},&quot;preload&quot;:&quot;metadata&quot;},&quot;features&quot;:{&quot;popup&quot;:{&quot;enabled&quot;:false,&quot;selector&quot;:null,&quot;hasBtn&quot;:false,&quot;type&quot;:&quot;button&quot;,&quot;btnText&quot;:&quot;Watch Video&quot;,&quot;align&quot;:&quot;center&quot;,&quot;btnStyle&quot;:[],&quot;isTrigger&quot;:false},&quot;overlay&quot;:{&quot;enabled&quot;:false,&quot;items&quot;:[{&quot;color&quot;:&quot;#fff&quot;,&quot;backgroundColor&quot;:&quot;#333&quot;,&quot;fontSize&quot;:&quot;16px&quot;,&quot;link&quot;:&quot;&quot;,&quot;logo&quot;:&quot;&quot;,&quot;text&quot;:&quot;Simple Text&quot;,&quot;position&quot;:&quot;top_right&quot;,&quot;type&quot;:&quot;text&quot;,&quot;opacity&quot;:1}]},&quot;endScreen&quot;:{&quot;enabled&quot;:false,&quot;text&quot;:&quot;Simple Text&quot;,&quot;btnText&quot;:&quot;Visit&quot;,&quot;btnLink&quot;:&quot;&quot;,&quot;btnStyle&quot;:[]},&quot;thumbInPause&quot;:{&quot;enabled&quot;:false,&quot;type&quot;:&quot;default&quot;},&quot;watermark&quot;:{&quot;enabled&quot;:false,&quot;type&quot;:&quot;email&quot;,&quot;text&quot;:&quot;&quot;,&quot;color&quot;:&quot;#f00&quot;},&quot;passwordProtected&quot;:{&quot;enabled&quot;:false,&quot;errorMessage&quot;:&quot;Password didn&#039;t matched&quot;,&quot;heading&quot;:&quot;Please Entire the password to access the video&quot;,&quot;button&quot;:{&quot;text&quot;:&quot;Access&quot;,&quot;color&quot;:&quot;#222&quot;,&quot;backgroundColor&quot;:&quot;#ffffffe3&quot;},&quot;password&quot;:null},&quot;sticky&quot;:{&quot;enabled&quot;:false,&quot;position&quot;:&quot;top_right&quot;},&quot;emailCapture&quot;:{&quot;enabled&quot;:false,&quot;displayAt&quot;:20,&quot;allowSkipping&quot;:false,&quot;heading&quot;:&quot;Enter your email to watch this video&quot;,&quot;bottomText&quot;:&quot;We respect your privacy. No spam ever.&quot;,&quot;buttonText&quot;:&quot;Watch&quot;,&quot;buttonColor&quot;:&quot;#222&quot;,&quot;buttonBackgroundColor&quot;:&quot;#ffffffe3&quot;,&quot;roundCorner&quot;:&quot;0&quot;,&quot;integration&quot;:&quot;None&quot;,&quot;webhook&quot;:&quot;&quot;},&quot;playWhenVisible&quot;:false,&quot;disablePause&quot;:false,&quot;hideYoutubeUI&quot;:false,&quot;startTime&quot;:null,&quot;hideLoadingPlaceholder&quot;:false,&quot;saveState&quot;:false},&quot;onlyLoggedIn&quot;:{&quot;whoCanSeeThisVideo&quot;:&quot;everyone&quot;,&quot;allowedRoles&quot;:[],&quot;message&quot;:&quot;This video is only for registered users. Please login to watch the video.&quot;},&quot;seo&quot;:{&quot;title&quot;:&quot;&quot;,&quot;description&quot;:&quot;&quot;,&quot;duration&quot;:&quot;&quot;},&quot;subtitle&quot;:[{&quot;label&quot;:&quot;English\\\/en&quot;,&quot;caption_file&quot;:&quot;&quot;}],&quot;thumbInPause&quot;:false,&quot;hideYoutubeUI&quot;:false,&quot;autoplayWhenVisible&quot;:false,&quot;styles&quot;:{&quot;plyr_wrapper&quot;:{&quot;width&quot;:&quot;100%&quot;,&quot;borderRadius&quot;:&quot;0px&quot;,&quot;overflow&quot;:&quot;hidden&quot;},&quot;.plyr&quot;:{&quot;--plyr-color-main&quot;:&quot;#00b2ff&quot;}},&quot;CSS&quot;:&quot;&quot;,&quot;isCDURL&quot;:false,&quot;posterTime&quot;:20,&quot;chapters&quot;:[],&quot;controls&quot;:{&quot;play-large&quot;:true,&quot;restart&quot;:false,&quot;rewind&quot;:false,&quot;play&quot;:true,&quot;fast-forward&quot;:false,&quot;progress&quot;:true,&quot;current-time&quot;:true,&quot;duration&quot;:false,&quot;mute&quot;:true,&quot;volume&quot;:true,&quot;pip&quot;:false,&quot;airplay&quot;:false,&quot;settings&quot;:true,&quot;downlaod&quot;:false,&quot;fullscreen&quot;:true},&quot;brandColor&quot;:&quot;#00B3FF&quot;,&quot;width&quot;:{&quot;deprecated&quot;:true,&quot;number&quot;:100,&quot;unit&quot;:&quot;%&quot;},&quot;radius&quot;:{&quot;number&quot;:0,&quot;unit&quot;:&quot;px&quot;},&quot;repeat&quot;:false,&quot;autoplay&quot;:false,&quot;muted&quot;:false,&quot;sticky&quot;:false,&quot;stickyPosition&quot;:&quot;top-right&quot;,&quot;popup&quot;:false,&quot;popupType&quot;:&quot;button&quot;,&quot;playsinline&quot;:false,&quot;popupBtnStyle&quot;:[],&quot;popupBtnText&quot;:&quot;Watch Video&quot;,&quot;disablePause&quot;:false,&quot;thumbStyle&quot;:&quot;default&quot;,&quot;resetOnEnd&quot;:false,&quot;autoHideControl&quot;:true,&quot;protected&quot;:false,&quot;protectedText&quot;:&quot;Please enter password to wath the video&quot;,&quot;seekTime&quot;:10,&quot;startTime&quot;:0,&quot;preload&quot;:&quot;metadata&quot;,&quot;overlay&quot;:false,&quot;overlayType&quot;:&quot;text&quot;,&quot;overlayText&quot;:&quot;Simple Text&quot;,&quot;overlayPosition&quot;:&quot;top_right&quot;,&quot;overlayBackground&quot;:&quot;#333&quot;,&quot;overlayOpacity&quot;:0.8,&quot;overlayTextColor&quot;:&quot;#ffffff&quot;,&quot;overlayFontSize&quot;:{&quot;number&quot;:20,&quot;unit&quot;:&quot;px&quot;},&quot;overlayTextHoverColor&quot;:&quot;#ffffff&quot;,&quot;endScreen&quot;:{&quot;enabled&quot;:false,&quot;text&quot;:&quot;Simple Text&quot;,&quot;btnText&quot;:&quot;Click Here&quot;,&quot;btnLink&quot;:&quot;&quot;,&quot;btnStyle&quot;:[]},&quot;endscreen&quot;:false,&quot;endscreenText&quot;:&quot;Endscreen text&quot;,&quot;endscreenTextLink&quot;:&quot;#&quot;,&quot;streaming&quot;:false,&quot;streamingType&quot;:&quot;hls&quot;,&quot;speed&quot;:{&quot;1&quot;:true,&quot;2&quot;:true,&quot;3&quot;:true,&quot;0.5&quot;:true,&quot;0.75&quot;:true,&quot;1.25&quot;:true,&quot;1.5&quot;:true,&quot;1.75&quot;:true,&quot;2.5&quot;:true},&quot;captionEnabled&quot;:false,&quot;saveState&quot;:false,&quot;video_id&quot;:&quot;1&quot;}\" data-preset=\"\n    null\">\n            <style>\n            .preload_poster svg {\n                background: var(--plyr-video-control-background-hover, var(--plyr-color-main, var(--plyr-color-main,\n                                #1ABAFF                            )));\n                border: 0;\n                border-radius: 100%;\n                left: 50%;\n                opacity: .9;\n                padding: calc(var(--plyr-control-spacing, 8px) * 1.5);\n                position: absolute;\n                top: 50%;\n                transform: translate(-50%, -50%);\n                transition: .3s;\n                z-index: 2;\n                box-sizing: content-box;\n                fill: #fff;\n            }\n\n            .preload_poster {\n                display:\n                    block            }\n        <\/style>\n        <div class=\"preload_poster\"\n            style=\"overflow:hidden;aspect-ratio:16\/9;background-image:url()\">\n            <svg width=\"24px\" height=\"24px\" viewBox=\"0 0 15 15\" fill=\"none\" xmlns=\"http:\/\/www.w3.org\/2000\/svg\">\n                <path\n                    d=\"M4.79062 2.09314C4.63821 1.98427 4.43774 1.96972 4.27121 2.05542C4.10467 2.14112 4 2.31271 4 2.5V12.5C4 12.6873 4.10467 12.8589 4.27121 12.9446C4.43774 13.0303 4.63821 13.0157 4.79062 12.9069L11.7906 7.90687C11.922 7.81301 12 7.66148 12 7.5C12 7.33853 11.922 7.18699 11.7906 7.09314L4.79062 2.09314Z\" \/>\n            <\/svg>\n        <\/div>\n        <\/div><\/div>\n\n<p><A HREF=\"https:\/\/gillmanfest.com.ve\/aragua-2023\/galeria-gf-aragua-2023\/\"><img decoding=\"async\" src=\"https:\/\/gillmanfest.com.ve\/aragua-2023\/GF-ARAGUA-2023-BOTON-GALERIA-DE-FOTOS.jpg\" oncopy=\"alert('Funci\u00f3n no permitida');return false\" oncontextmenu=\"alert('Funci\u00f3n no permitida');return false\" title=\"GALER\u00cdA DE FOTOS DEL GILLMANFEST ARAGUA 2023\" width=\"900\"><\/a><\/p>\n<p><img decoding=\"async\" src=\"https:\/\/gillmanfest.com.ve\/aragua-2023\/GF-ARAGUA-2023-PROGRAMA.jpg\" oncopy=\"alert('Funci\u00f3n no permitida');return false\" oncontextmenu=\"alert('Funci\u00f3n no permitida');return false\" title=\"GILLMANFEST ARAGUA 2023 - PROGRAMACION\" width=\"900\"><\/a><\/p>\n<p><center><strong><a href=\"https:\/\/gillmanfest.com.ve\/aragua-2023\/GF-ARAGUA-2023-PROGRAMA.pdf\" target=\"_blank\" rel=\"noopener\">DESCARGAR PROGRAMACI\u00d3N EN PDF<\/a><\/strong><\/center><\/p>\n","protected":false},"excerpt":{"rendered":"<p>DESCARGAR PROGRAMACI\u00d3N EN PDF<\/p>\n","protected":false},"author":1,"featured_media":0,"parent":0,"menu_order":0,"comment_status":"closed","ping_status":"closed","template":"","meta":{"footnotes":""},"class_list":["post-71","page","type-page","status-publish","hentry"],"yoast_head":"<!-- This site is optimized with the Yoast SEO plugin v19.11 - https:\/\/yoast.com\/wordpress\/plugins\/seo\/ -->\n<title>GILLMANFEST ARAGUA 2023<\/title>\n<meta name=\"description\" content=\"GILLMANFEST ARAGUA 2023 El Festival de Rock m\u00e1s Grande de Venezuela vuelve y estar\u00e1 en el Estado Aragua con una Edici\u00f3n Especial Extrema...\" \/>\n<meta name=\"robots\" content=\"index, follow, max-snippet:-1, max-image-preview:large, max-video-preview:-1\" \/>\n<link rel=\"canonical\" href=\"https:\/\/gillmanfest.com.ve\/aragua-2023\/\" \/>\n<meta property=\"og:locale\" content=\"es_ES\" \/>\n<meta property=\"og:type\" content=\"article\" \/>\n<meta property=\"og:title\" content=\"GILLMANFEST ARAGUA 2023\" \/>\n<meta property=\"og:description\" content=\"GILLMANFEST ARAGUA 2023 El Festival de Rock m\u00e1s Grande de Venezuela vuelve y estar\u00e1 en el Estado Aragua con una Edici\u00f3n Especial Extrema...\" \/>\n<meta property=\"og:url\" content=\"https:\/\/gillmanfest.com.ve\/aragua-2023\/\" \/>\n<meta property=\"og:site_name\" content=\"GILLMANFEST\" \/>\n<meta property=\"article:modified_time\" content=\"2023-01-19T15:28:47+00:00\" \/>\n<meta property=\"og:image\" content=\"https:\/\/gillmanfest.com.ve\/aragua-2023\/AFICHE-GF-EXTREMO-ARAGUA-2023.jpg\" \/>\n<meta name=\"twitter:card\" content=\"summary_large_image\" \/>\n<meta name=\"twitter:label1\" content=\"Tiempo de lectura\" \/>\n\t<meta name=\"twitter:data1\" content=\"1 minuto\" \/>\n<script type=\"application\/ld+json\" class=\"yoast-schema-graph\">{\"@context\":\"https:\/\/schema.org\",\"@graph\":[{\"@type\":\"WebPage\",\"@id\":\"https:\/\/gillmanfest.com.ve\/aragua-2023\/\",\"url\":\"https:\/\/gillmanfest.com.ve\/aragua-2023\/\",\"name\":\"GILLMANFEST ARAGUA 2023\",\"isPartOf\":{\"@id\":\"https:\/\/gillmanfest.com.ve\/aragua-2023\/#website\"},\"datePublished\":\"2022-08-10T15:43:35+00:00\",\"dateModified\":\"2023-01-19T15:28:47+00:00\",\"description\":\"GILLMANFEST ARAGUA 2023 El Festival de Rock m\u00e1s Grande de Venezuela vuelve y estar\u00e1 en el Estado Aragua con una Edici\u00f3n Especial Extrema...\",\"breadcrumb\":{\"@id\":\"https:\/\/gillmanfest.com.ve\/aragua-2023\/#breadcrumb\"},\"inLanguage\":\"es\",\"potentialAction\":[{\"@type\":\"ReadAction\",\"target\":[\"https:\/\/gillmanfest.com.ve\/aragua-2023\/\"]}]},{\"@type\":\"BreadcrumbList\",\"@id\":\"https:\/\/gillmanfest.com.ve\/aragua-2023\/#breadcrumb\",\"itemListElement\":[{\"@type\":\"ListItem\",\"position\":1,\"name\":\"Home\",\"item\":\"https:\/\/gillmanfest.com.ve\/aragua-2023\/\"},{\"@type\":\"ListItem\",\"position\":2,\"name\":\"GILLMANFEST ARAGUA 2023\"}]},{\"@type\":\"WebSite\",\"@id\":\"https:\/\/gillmanfest.com.ve\/aragua-2023\/#website\",\"url\":\"https:\/\/gillmanfest.com.ve\/aragua-2023\/\",\"name\":\"GILLMANFEST\",\"description\":\"ARAGUA 2023\",\"publisher\":{\"@id\":\"https:\/\/gillmanfest.com.ve\/aragua-2023\/#organization\"},\"potentialAction\":[{\"@type\":\"SearchAction\",\"target\":{\"@type\":\"EntryPoint\",\"urlTemplate\":\"https:\/\/gillmanfest.com.ve\/aragua-2023\/?s={search_term_string}\"},\"query-input\":\"required name=search_term_string\"}],\"inLanguage\":\"es\"},{\"@type\":\"Organization\",\"@id\":\"https:\/\/gillmanfest.com.ve\/aragua-2023\/#organization\",\"name\":\"GILLMANFEST\",\"url\":\"https:\/\/gillmanfest.com.ve\/aragua-2023\/\",\"logo\":{\"@type\":\"ImageObject\",\"inLanguage\":\"es\",\"@id\":\"https:\/\/gillmanfest.com.ve\/aragua-2023\/#\/schema\/logo\/image\/\",\"url\":\"https:\/\/gillmanfest.com.ve\/aragua-2023\/wp-content\/uploads\/2022\/11\/cropped-GF-ARAGUA-EXTREMO-2023.png\",\"contentUrl\":\"https:\/\/gillmanfest.com.ve\/aragua-2023\/wp-content\/uploads\/2022\/11\/cropped-GF-ARAGUA-EXTREMO-2023.png\",\"width\":1000,\"height\":227,\"caption\":\"GILLMANFEST\"},\"image\":{\"@id\":\"https:\/\/gillmanfest.com.ve\/aragua-2023\/#\/schema\/logo\/image\/\"}}]}<\/script>\n<!-- \/ Yoast SEO plugin. -->","yoast_head_json":{"title":"GILLMANFEST ARAGUA 2023","description":"GILLMANFEST ARAGUA 2023 El Festival de Rock m\u00e1s Grande de Venezuela vuelve y estar\u00e1 en el Estado Aragua con una Edici\u00f3n Especial Extrema...","robots":{"index":"index","follow":"follow","max-snippet":"max-snippet:-1","max-image-preview":"max-image-preview:large","max-video-preview":"max-video-preview:-1"},"canonical":"https:\/\/gillmanfest.com.ve\/aragua-2023\/","og_locale":"es_ES","og_type":"article","og_title":"GILLMANFEST ARAGUA 2023","og_description":"GILLMANFEST ARAGUA 2023 El Festival de Rock m\u00e1s Grande de Venezuela vuelve y estar\u00e1 en el Estado Aragua con una Edici\u00f3n Especial Extrema...","og_url":"https:\/\/gillmanfest.com.ve\/aragua-2023\/","og_site_name":"GILLMANFEST","article_modified_time":"2023-01-19T15:28:47+00:00","og_image":[{"url":"https:\/\/gillmanfest.com.ve\/aragua-2023\/AFICHE-GF-EXTREMO-ARAGUA-2023.jpg"}],"twitter_card":"summary_large_image","twitter_misc":{"Tiempo de lectura":"1 minuto"},"schema":{"@context":"https:\/\/schema.org","@graph":[{"@type":"WebPage","@id":"https:\/\/gillmanfest.com.ve\/aragua-2023\/","url":"https:\/\/gillmanfest.com.ve\/aragua-2023\/","name":"GILLMANFEST ARAGUA 2023","isPartOf":{"@id":"https:\/\/gillmanfest.com.ve\/aragua-2023\/#website"},"datePublished":"2022-08-10T15:43:35+00:00","dateModified":"2023-01-19T15:28:47+00:00","description":"GILLMANFEST ARAGUA 2023 El Festival de Rock m\u00e1s Grande de Venezuela vuelve y estar\u00e1 en el Estado Aragua con una Edici\u00f3n Especial Extrema...","breadcrumb":{"@id":"https:\/\/gillmanfest.com.ve\/aragua-2023\/#breadcrumb"},"inLanguage":"es","potentialAction":[{"@type":"ReadAction","target":["https:\/\/gillmanfest.com.ve\/aragua-2023\/"]}]},{"@type":"BreadcrumbList","@id":"https:\/\/gillmanfest.com.ve\/aragua-2023\/#breadcrumb","itemListElement":[{"@type":"ListItem","position":1,"name":"Home","item":"https:\/\/gillmanfest.com.ve\/aragua-2023\/"},{"@type":"ListItem","position":2,"name":"GILLMANFEST ARAGUA 2023"}]},{"@type":"WebSite","@id":"https:\/\/gillmanfest.com.ve\/aragua-2023\/#website","url":"https:\/\/gillmanfest.com.ve\/aragua-2023\/","name":"GILLMANFEST","description":"ARAGUA 2023","publisher":{"@id":"https:\/\/gillmanfest.com.ve\/aragua-2023\/#organization"},"potentialAction":[{"@type":"SearchAction","target":{"@type":"EntryPoint","urlTemplate":"https:\/\/gillmanfest.com.ve\/aragua-2023\/?s={search_term_string}"},"query-input":"required name=search_term_string"}],"inLanguage":"es"},{"@type":"Organization","@id":"https:\/\/gillmanfest.com.ve\/aragua-2023\/#organization","name":"GILLMANFEST","url":"https:\/\/gillmanfest.com.ve\/aragua-2023\/","logo":{"@type":"ImageObject","inLanguage":"es","@id":"https:\/\/gillmanfest.com.ve\/aragua-2023\/#\/schema\/logo\/image\/","url":"https:\/\/gillmanfest.com.ve\/aragua-2023\/wp-content\/uploads\/2022\/11\/cropped-GF-ARAGUA-EXTREMO-2023.png","contentUrl":"https:\/\/gillmanfest.com.ve\/aragua-2023\/wp-content\/uploads\/2022\/11\/cropped-GF-ARAGUA-EXTREMO-2023.png","width":1000,"height":227,"caption":"GILLMANFEST"},"image":{"@id":"https:\/\/gillmanfest.com.ve\/aragua-2023\/#\/schema\/logo\/image\/"}}]}},"_links":{"self":[{"href":"https:\/\/gillmanfest.com.ve\/aragua-2023\/wp-json\/wp\/v2\/pages\/71","targetHints":{"allow":["GET"]}}],"collection":[{"href":"https:\/\/gillmanfest.com.ve\/aragua-2023\/wp-json\/wp\/v2\/pages"}],"about":[{"href":"https:\/\/gillmanfest.com.ve\/aragua-2023\/wp-json\/wp\/v2\/types\/page"}],"author":[{"embeddable":true,"href":"https:\/\/gillmanfest.com.ve\/aragua-2023\/wp-json\/wp\/v2\/users\/1"}],"replies":[{"embeddable":true,"href":"https:\/\/gillmanfest.com.ve\/aragua-2023\/wp-json\/wp\/v2\/comments?post=71"}],"version-history":[{"count":23,"href":"https:\/\/gillmanfest.com.ve\/aragua-2023\/wp-json\/wp\/v2\/pages\/71\/revisions"}],"predecessor-version":[{"id":662,"href":"https:\/\/gillmanfest.com.ve\/aragua-2023\/wp-json\/wp\/v2\/pages\/71\/revisions\/662"}],"wp:attachment":[{"href":"https:\/\/gillmanfest.com.ve\/aragua-2023\/wp-json\/wp\/v2\/media?parent=71"}],"curies":[{"name":"wp","href":"https:\/\/api.w.org\/{rel}","templated":true}]}}