
{"id":24,"date":"2022-08-10T14:58:28","date_gmt":"2022-08-10T14:58:28","guid":{"rendered":"https:\/\/gillmanfest.com.ve\/aragua-2023\/?page_id=24"},"modified":"2022-11-10T02:13:40","modified_gmt":"2022-11-10T02:13:40","slug":"ubicacion-gf","status":"publish","type":"page","link":"https:\/\/gillmanfest.com.ve\/aragua-2023\/ubicacion-gf\/","title":{"rendered":"UBICACI\u00d3N GF"},"content":{"rendered":"<p><img decoding=\"async\" src=\"https:\/\/gillmanfest.com.ve\/aragua-2023\/GF-ARAGUA-EXTREMO-2023.png\" oncopy=\"alert('Funci\u00f3n no permitida');return false\" oncontextmenu=\"alert('Funci\u00f3n no permitida');return false\" title=\"GILLMANFEST ARAGUA 2023\" width=\"700\"><\/a><\/p>\n<p><center><\/p>\n<h3>UBICACI\u00d3N DEL EVENTO<\/h3>\n<p><\/center><\/p>\n<p><img decoding=\"async\" src=\"https:\/\/gillmanfest.com.ve\/aragua-2023\/Concha-Acustica-Maracay.jpg\" oncopy=\"alert('Funci\u00f3n no permitida');return false\" oncontextmenu=\"alert('Funci\u00f3n no permitida');return false\" title=\"CONCHA ACUSTICA DE LAS DELICIAS - MARACAY - GILLMANFEST ARAGUA 2023\" width=\"700\"><\/a><\/p>\n<p><b>Direcci\u00f3n:<\/b> Concha Ac\u00fastica, Avenida Las Delicias. Maracay 2101, Estado Aragua.<\/p>\n<p><b>Coordenadas:<\/b> 10.2655934345685, -67.58867511760093<\/p>\n<p><strong>GOOGLE MAPS<\/strong><\/p>\n<p><iframe src=\"https:\/\/www.google.com\/maps\/embed?pb=!1m14!1m8!1m3!1d15703.811428268375!2d-67.5886322!3d10.2653823!3m2!1i1024!2i768!4f13.1!3m3!1m2!1s0x0%3A0x14e68a84df883a98!2sConcha%20Ac%C3%BAstica%20Las%20Delicias!5e0!3m2!1ses!2sve!4v1668046101386!5m2!1ses!2sve\" width=\"700\" height=\"525\" style=\"border:0;\" allowfullscreen=\"\" loading=\"lazy\" referrerpolicy=\"no-referrer-when-downgrade\"><\/iframe><\/p>\n<p><img decoding=\"async\" src=\"https:\/\/gillmanfest.com.ve\/aragua-2023\/Concha-Acustica-Maracay-2.jpg\" oncopy=\"alert('Funci\u00f3n no permitida');return false\" oncontextmenu=\"alert('Funci\u00f3n no permitida');return false\" title=\"CONCHA ACUSTICA DE LAS DELICIAS - MARACAY - GILLMANFEST ARAGUA 2023\" width=\"700\"><\/a><\/p>\n","protected":false},"excerpt":{"rendered":"<p>UBICACI\u00d3N DEL EVENTO Direcci\u00f3n: Concha Ac\u00fastica, Avenida Las Delicias. Maracay 2101, Estado Aragua. Coordenadas: 10.2655934345685, -67.58867511760093 GOOGLE MAPS<\/p>\n","protected":false},"author":1,"featured_media":0,"parent":0,"menu_order":0,"comment_status":"closed","ping_status":"closed","template":"","meta":{"footnotes":""},"class_list":["post-24","page","type-page","status-publish","hentry"],"yoast_head":"<!-- This site is optimized with the Yoast SEO plugin v19.11 - https:\/\/yoast.com\/wordpress\/plugins\/seo\/ -->\n<title>UBICACI\u00d3N GF - GILLMANFEST<\/title>\n<meta name=\"robots\" content=\"index, follow, max-snippet:-1, max-image-preview:large, max-video-preview:-1\" \/>\n<link rel=\"canonical\" href=\"https:\/\/gillmanfest.com.ve\/aragua-2023\/ubicacion-gf\/\" \/>\n<meta property=\"og:locale\" content=\"es_ES\" \/>\n<meta property=\"og:type\" content=\"article\" \/>\n<meta property=\"og:title\" content=\"UBICACI\u00d3N GF - GILLMANFEST\" \/>\n<meta property=\"og:description\" content=\"UBICACI\u00d3N DEL EVENTO Direcci\u00f3n: Concha Ac\u00fastica, Avenida Las Delicias. Maracay 2101, Estado Aragua. Coordenadas: 10.2655934345685, -67.58867511760093 GOOGLE MAPS\" \/>\n<meta property=\"og:url\" content=\"https:\/\/gillmanfest.com.ve\/aragua-2023\/ubicacion-gf\/\" \/>\n<meta property=\"og:site_name\" content=\"GILLMANFEST\" \/>\n<meta property=\"article:modified_time\" content=\"2022-11-10T02:13:40+00:00\" \/>\n<meta property=\"og:image\" content=\"https:\/\/gillmanfest.com.ve\/aragua-2023\/GF-ARAGUA-EXTREMO-2023.png\" \/>\n<meta name=\"twitter:card\" content=\"summary_large_image\" \/>\n<meta name=\"twitter:label1\" content=\"Tiempo de lectura\" \/>\n\t<meta name=\"twitter:data1\" content=\"1 minuto\" \/>\n<script type=\"application\/ld+json\" class=\"yoast-schema-graph\">{\"@context\":\"https:\/\/schema.org\",\"@graph\":[{\"@type\":\"WebPage\",\"@id\":\"https:\/\/gillmanfest.com.ve\/aragua-2023\/ubicacion-gf\/\",\"url\":\"https:\/\/gillmanfest.com.ve\/aragua-2023\/ubicacion-gf\/\",\"name\":\"UBICACI\u00d3N GF - GILLMANFEST\",\"isPartOf\":{\"@id\":\"https:\/\/gillmanfest.com.ve\/aragua-2023\/#website\"},\"datePublished\":\"2022-08-10T14:58:28+00:00\",\"dateModified\":\"2022-11-10T02:13:40+00:00\",\"breadcrumb\":{\"@id\":\"https:\/\/gillmanfest.com.ve\/aragua-2023\/ubicacion-gf\/#breadcrumb\"},\"inLanguage\":\"es\",\"potentialAction\":[{\"@type\":\"ReadAction\",\"target\":[\"https:\/\/gillmanfest.com.ve\/aragua-2023\/ubicacion-gf\/\"]}]},{\"@type\":\"BreadcrumbList\",\"@id\":\"https:\/\/gillmanfest.com.ve\/aragua-2023\/ubicacion-gf\/#breadcrumb\",\"itemListElement\":[{\"@type\":\"ListItem\",\"position\":1,\"name\":\"Home\",\"item\":\"https:\/\/gillmanfest.com.ve\/aragua-2023\/\"},{\"@type\":\"ListItem\",\"position\":2,\"name\":\"UBICACI\u00d3N GF\"}]},{\"@type\":\"WebSite\",\"@id\":\"https:\/\/gillmanfest.com.ve\/aragua-2023\/#website\",\"url\":\"https:\/\/gillmanfest.com.ve\/aragua-2023\/\",\"name\":\"GILLMANFEST\",\"description\":\"ARAGUA 2023\",\"publisher\":{\"@id\":\"https:\/\/gillmanfest.com.ve\/aragua-2023\/#organization\"},\"potentialAction\":[{\"@type\":\"SearchAction\",\"target\":{\"@type\":\"EntryPoint\",\"urlTemplate\":\"https:\/\/gillmanfest.com.ve\/aragua-2023\/?s={search_term_string}\"},\"query-input\":\"required name=search_term_string\"}],\"inLanguage\":\"es\"},{\"@type\":\"Organization\",\"@id\":\"https:\/\/gillmanfest.com.ve\/aragua-2023\/#organization\",\"name\":\"GILLMANFEST\",\"url\":\"https:\/\/gillmanfest.com.ve\/aragua-2023\/\",\"logo\":{\"@type\":\"ImageObject\",\"inLanguage\":\"es\",\"@id\":\"https:\/\/gillmanfest.com.ve\/aragua-2023\/#\/schema\/logo\/image\/\",\"url\":\"https:\/\/gillmanfest.com.ve\/aragua-2023\/wp-content\/uploads\/2022\/11\/cropped-GF-ARAGUA-EXTREMO-2023.png\",\"contentUrl\":\"https:\/\/gillmanfest.com.ve\/aragua-2023\/wp-content\/uploads\/2022\/11\/cropped-GF-ARAGUA-EXTREMO-2023.png\",\"width\":1000,\"height\":227,\"caption\":\"GILLMANFEST\"},\"image\":{\"@id\":\"https:\/\/gillmanfest.com.ve\/aragua-2023\/#\/schema\/logo\/image\/\"}}]}<\/script>\n<!-- \/ Yoast SEO plugin. -->","yoast_head_json":{"title":"UBICACI\u00d3N GF - GILLMANFEST","robots":{"index":"index","follow":"follow","max-snippet":"max-snippet:-1","max-image-preview":"max-image-preview:large","max-video-preview":"max-video-preview:-1"},"canonical":"https:\/\/gillmanfest.com.ve\/aragua-2023\/ubicacion-gf\/","og_locale":"es_ES","og_type":"article","og_title":"UBICACI\u00d3N GF - GILLMANFEST","og_description":"UBICACI\u00d3N DEL EVENTO Direcci\u00f3n: Concha Ac\u00fastica, Avenida Las Delicias. Maracay 2101, Estado Aragua. Coordenadas: 10.2655934345685, -67.58867511760093 GOOGLE MAPS","og_url":"https:\/\/gillmanfest.com.ve\/aragua-2023\/ubicacion-gf\/","og_site_name":"GILLMANFEST","article_modified_time":"2022-11-10T02:13:40+00:00","og_image":[{"url":"https:\/\/gillmanfest.com.ve\/aragua-2023\/GF-ARAGUA-EXTREMO-2023.png"}],"twitter_card":"summary_large_image","twitter_misc":{"Tiempo de lectura":"1 minuto"},"schema":{"@context":"https:\/\/schema.org","@graph":[{"@type":"WebPage","@id":"https:\/\/gillmanfest.com.ve\/aragua-2023\/ubicacion-gf\/","url":"https:\/\/gillmanfest.com.ve\/aragua-2023\/ubicacion-gf\/","name":"UBICACI\u00d3N GF - GILLMANFEST","isPartOf":{"@id":"https:\/\/gillmanfest.com.ve\/aragua-2023\/#website"},"datePublished":"2022-08-10T14:58:28+00:00","dateModified":"2022-11-10T02:13:40+00:00","breadcrumb":{"@id":"https:\/\/gillmanfest.com.ve\/aragua-2023\/ubicacion-gf\/#breadcrumb"},"inLanguage":"es","potentialAction":[{"@type":"ReadAction","target":["https:\/\/gillmanfest.com.ve\/aragua-2023\/ubicacion-gf\/"]}]},{"@type":"BreadcrumbList","@id":"https:\/\/gillmanfest.com.ve\/aragua-2023\/ubicacion-gf\/#breadcrumb","itemListElement":[{"@type":"ListItem","position":1,"name":"Home","item":"https:\/\/gillmanfest.com.ve\/aragua-2023\/"},{"@type":"ListItem","position":2,"name":"UBICACI\u00d3N GF"}]},{"@type":"WebSite","@id":"https:\/\/gillmanfest.com.ve\/aragua-2023\/#website","url":"https:\/\/gillmanfest.com.ve\/aragua-2023\/","name":"GILLMANFEST","description":"ARAGUA 2023","publisher":{"@id":"https:\/\/gillmanfest.com.ve\/aragua-2023\/#organization"},"potentialAction":[{"@type":"SearchAction","target":{"@type":"EntryPoint","urlTemplate":"https:\/\/gillmanfest.com.ve\/aragua-2023\/?s={search_term_string}"},"query-input":"required name=search_term_string"}],"inLanguage":"es"},{"@type":"Organization","@id":"https:\/\/gillmanfest.com.ve\/aragua-2023\/#organization","name":"GILLMANFEST","url":"https:\/\/gillmanfest.com.ve\/aragua-2023\/","logo":{"@type":"ImageObject","inLanguage":"es","@id":"https:\/\/gillmanfest.com.ve\/aragua-2023\/#\/schema\/logo\/image\/","url":"https:\/\/gillmanfest.com.ve\/aragua-2023\/wp-content\/uploads\/2022\/11\/cropped-GF-ARAGUA-EXTREMO-2023.png","contentUrl":"https:\/\/gillmanfest.com.ve\/aragua-2023\/wp-content\/uploads\/2022\/11\/cropped-GF-ARAGUA-EXTREMO-2023.png","width":1000,"height":227,"caption":"GILLMANFEST"},"image":{"@id":"https:\/\/gillmanfest.com.ve\/aragua-2023\/#\/schema\/logo\/image\/"}}]}},"_links":{"self":[{"href":"https:\/\/gillmanfest.com.ve\/aragua-2023\/wp-json\/wp\/v2\/pages\/24","targetHints":{"allow":["GET"]}}],"collection":[{"href":"https:\/\/gillmanfest.com.ve\/aragua-2023\/wp-json\/wp\/v2\/pages"}],"about":[{"href":"https:\/\/gillmanfest.com.ve\/aragua-2023\/wp-json\/wp\/v2\/types\/page"}],"author":[{"embeddable":true,"href":"https:\/\/gillmanfest.com.ve\/aragua-2023\/wp-json\/wp\/v2\/users\/1"}],"replies":[{"embeddable":true,"href":"https:\/\/gillmanfest.com.ve\/aragua-2023\/wp-json\/wp\/v2\/comments?post=24"}],"version-history":[{"count":13,"href":"https:\/\/gillmanfest.com.ve\/aragua-2023\/wp-json\/wp\/v2\/pages\/24\/revisions"}],"predecessor-version":[{"id":389,"href":"https:\/\/gillmanfest.com.ve\/aragua-2023\/wp-json\/wp\/v2\/pages\/24\/revisions\/389"}],"wp:attachment":[{"href":"https:\/\/gillmanfest.com.ve\/aragua-2023\/wp-json\/wp\/v2\/media?parent=24"}],"curies":[{"name":"wp","href":"https:\/\/api.w.org\/{rel}","templated":true}]}}