
{"id":233,"date":"2022-08-15T15:28:15","date_gmt":"2022-08-15T15:28:15","guid":{"rendered":"https:\/\/gillmanfest.com.ve\/aragua-2023\/?page_id=233"},"modified":"2022-12-01T19:31:58","modified_gmt":"2022-12-01T19:31:58","slug":"franela-gillmanfest-aragua-2023","status":"publish","type":"page","link":"https:\/\/gillmanfest.com.ve\/aragua-2023\/franela-gillmanfest-aragua-2023\/","title":{"rendered":"Franela GILLMANFEST ARAGUA 2023"},"content":{"rendered":"<p><img decoding=\"async\" src=\"https:\/\/gillmanfest.com.ve\/aragua-2023\/GF-ARAGUA-EXTREMO-2023.png\" oncopy=\"alert('Funci\u00f3n no permitida');return false\" oncontextmenu=\"alert('Funci\u00f3n no permitida');return false\" title=\"GILLMANFEST ARAGUA 2023\" width=\"700\"><\/a><\/p>\n<p><center><\/p>\n<h2>FRANELAS OFICIALES<\/h2>\n<p><\/center><\/p>\n<p><img decoding=\"async\" src=\"https:\/\/gillmanfest.com.ve\/aragua-2023\/FRANELAS-KOLISION-GF-ARAGUA-2023.jpeg\" oncopy=\"alert('Funci\u00f3n no permitida');return false\" oncontextmenu=\"alert('Funci\u00f3n no permitida');return false\" title=\"FRANELAS GILLMANFEST ARAGUA 2023\" width=\"700\"><\/a><\/p>\n<p>FRANELAS KOLISION dice PRESENTE sum\u00e1ndose a la celebraci\u00f3n m\u00e1s grande del Rock Nacional y los 45 A\u00d1OS de carrera art\u00edstica de Paul Gillman.<\/p>\n<p><b>Les presentamos con Orgullo la Franela OFICIAL del GILLMANFEST EXTREMO ARAGUA 2023. Si no tiene el sello KOLISION, NO es la FRANELA OFICIAL\u2026<\/b><\/p>\n<p>\u00a1DILE NO A LA PIRATER\u00cdA!<\/p>\n<p>Atentos, no te quedes sin tu franela.<\/p>\n<p>Disponibles en VARIEDAD DE TALLAS, al mayor o al detal.<br \/>\nPara TODOS los sexos y edades.<\/p>\n<p><b>Adqui\u00e9relas desde YA!!!<\/b><br \/>\n<b>Tel\u00e9fono:<\/b> 0414-348-8875<br \/>\n<b>Instagram:<\/b> @franelas_kolision<\/p>\n<p>Y hay m\u00e1s SORPRESAS!!!<\/p>\n<p>Porque vienen m\u00e1s dise\u00f1os del ROCK NACIONAL\u2026<\/p>\n<p>Pr\u00f3ximamente, LA FRANELA OFICIAL del programa de TV \u00fanico en su estilo y el que posee el record de m\u00e1s a\u00f1os ininterrumpidos en el aire: KULTURA ROCK!!!<\/p>\n<p>Corran La Voz!<\/p>\n","protected":false},"excerpt":{"rendered":"<p>FRANELAS OFICIALES FRANELAS KOLISION dice PRESENTE sum\u00e1ndose a la celebraci\u00f3n m\u00e1s grande del Rock Nacional y los 45 A\u00d1OS de carrera art\u00edstica de Paul Gillman. Les presentamos con Orgullo la Franela OFICIAL del GILLMANFEST EXTREMO ARAGUA 2023. Si no tiene el sello KOLISION, NO es la FRANELA OFICIAL\u2026 \u00a1DILE NO A LA PIRATER\u00cdA! Atentos, no [&hellip;]<\/p>\n","protected":false},"author":1,"featured_media":0,"parent":0,"menu_order":0,"comment_status":"closed","ping_status":"closed","template":"","meta":{"footnotes":""},"class_list":["post-233","page","type-page","status-publish","hentry"],"yoast_head":"<!-- This site is optimized with the Yoast SEO plugin v19.11 - https:\/\/yoast.com\/wordpress\/plugins\/seo\/ -->\n<title>Franela GILLMANFEST ARAGUA 2023 - GILLMANFEST<\/title>\n<meta name=\"description\" content=\"Franela GILLMANFEST ARAGUA 2022\" \/>\n<meta name=\"robots\" content=\"index, follow, max-snippet:-1, max-image-preview:large, max-video-preview:-1\" \/>\n<link rel=\"canonical\" href=\"https:\/\/gillmanfest.com.ve\/aragua-2023\/franela-gillmanfest-aragua-2023\/\" \/>\n<meta property=\"og:locale\" content=\"es_ES\" \/>\n<meta property=\"og:type\" content=\"article\" \/>\n<meta property=\"og:title\" content=\"Franela GILLMANFEST ARAGUA 2023 - GILLMANFEST\" \/>\n<meta property=\"og:description\" content=\"Franela GILLMANFEST ARAGUA 2022\" \/>\n<meta property=\"og:url\" content=\"https:\/\/gillmanfest.com.ve\/aragua-2023\/franela-gillmanfest-aragua-2023\/\" \/>\n<meta property=\"og:site_name\" content=\"GILLMANFEST\" \/>\n<meta property=\"article:modified_time\" content=\"2022-12-01T19:31:58+00:00\" \/>\n<meta property=\"og:image\" content=\"https:\/\/gillmanfest.com.ve\/aragua-2023\/GF-ARAGUA-EXTREMO-2023.png\" \/>\n<meta name=\"twitter:card\" content=\"summary_large_image\" \/>\n<meta name=\"twitter:label1\" content=\"Tiempo de lectura\" \/>\n\t<meta name=\"twitter:data1\" content=\"1 minuto\" \/>\n<script type=\"application\/ld+json\" class=\"yoast-schema-graph\">{\"@context\":\"https:\/\/schema.org\",\"@graph\":[{\"@type\":\"WebPage\",\"@id\":\"https:\/\/gillmanfest.com.ve\/aragua-2023\/franela-gillmanfest-aragua-2023\/\",\"url\":\"https:\/\/gillmanfest.com.ve\/aragua-2023\/franela-gillmanfest-aragua-2023\/\",\"name\":\"Franela GILLMANFEST ARAGUA 2023 - GILLMANFEST\",\"isPartOf\":{\"@id\":\"https:\/\/gillmanfest.com.ve\/aragua-2023\/#website\"},\"datePublished\":\"2022-08-15T15:28:15+00:00\",\"dateModified\":\"2022-12-01T19:31:58+00:00\",\"description\":\"Franela GILLMANFEST ARAGUA 2022\",\"breadcrumb\":{\"@id\":\"https:\/\/gillmanfest.com.ve\/aragua-2023\/franela-gillmanfest-aragua-2023\/#breadcrumb\"},\"inLanguage\":\"es\",\"potentialAction\":[{\"@type\":\"ReadAction\",\"target\":[\"https:\/\/gillmanfest.com.ve\/aragua-2023\/franela-gillmanfest-aragua-2023\/\"]}]},{\"@type\":\"BreadcrumbList\",\"@id\":\"https:\/\/gillmanfest.com.ve\/aragua-2023\/franela-gillmanfest-aragua-2023\/#breadcrumb\",\"itemListElement\":[{\"@type\":\"ListItem\",\"position\":1,\"name\":\"Home\",\"item\":\"https:\/\/gillmanfest.com.ve\/aragua-2023\/\"},{\"@type\":\"ListItem\",\"position\":2,\"name\":\"Franela GILLMANFEST ARAGUA 2023\"}]},{\"@type\":\"WebSite\",\"@id\":\"https:\/\/gillmanfest.com.ve\/aragua-2023\/#website\",\"url\":\"https:\/\/gillmanfest.com.ve\/aragua-2023\/\",\"name\":\"GILLMANFEST\",\"description\":\"ARAGUA 2023\",\"publisher\":{\"@id\":\"https:\/\/gillmanfest.com.ve\/aragua-2023\/#organization\"},\"potentialAction\":[{\"@type\":\"SearchAction\",\"target\":{\"@type\":\"EntryPoint\",\"urlTemplate\":\"https:\/\/gillmanfest.com.ve\/aragua-2023\/?s={search_term_string}\"},\"query-input\":\"required name=search_term_string\"}],\"inLanguage\":\"es\"},{\"@type\":\"Organization\",\"@id\":\"https:\/\/gillmanfest.com.ve\/aragua-2023\/#organization\",\"name\":\"GILLMANFEST\",\"url\":\"https:\/\/gillmanfest.com.ve\/aragua-2023\/\",\"logo\":{\"@type\":\"ImageObject\",\"inLanguage\":\"es\",\"@id\":\"https:\/\/gillmanfest.com.ve\/aragua-2023\/#\/schema\/logo\/image\/\",\"url\":\"https:\/\/gillmanfest.com.ve\/aragua-2023\/wp-content\/uploads\/2022\/11\/cropped-GF-ARAGUA-EXTREMO-2023.png\",\"contentUrl\":\"https:\/\/gillmanfest.com.ve\/aragua-2023\/wp-content\/uploads\/2022\/11\/cropped-GF-ARAGUA-EXTREMO-2023.png\",\"width\":1000,\"height\":227,\"caption\":\"GILLMANFEST\"},\"image\":{\"@id\":\"https:\/\/gillmanfest.com.ve\/aragua-2023\/#\/schema\/logo\/image\/\"}}]}<\/script>\n<!-- \/ Yoast SEO plugin. -->","yoast_head_json":{"title":"Franela GILLMANFEST ARAGUA 2023 - GILLMANFEST","description":"Franela GILLMANFEST ARAGUA 2022","robots":{"index":"index","follow":"follow","max-snippet":"max-snippet:-1","max-image-preview":"max-image-preview:large","max-video-preview":"max-video-preview:-1"},"canonical":"https:\/\/gillmanfest.com.ve\/aragua-2023\/franela-gillmanfest-aragua-2023\/","og_locale":"es_ES","og_type":"article","og_title":"Franela GILLMANFEST ARAGUA 2023 - GILLMANFEST","og_description":"Franela GILLMANFEST ARAGUA 2022","og_url":"https:\/\/gillmanfest.com.ve\/aragua-2023\/franela-gillmanfest-aragua-2023\/","og_site_name":"GILLMANFEST","article_modified_time":"2022-12-01T19:31:58+00:00","og_image":[{"url":"https:\/\/gillmanfest.com.ve\/aragua-2023\/GF-ARAGUA-EXTREMO-2023.png"}],"twitter_card":"summary_large_image","twitter_misc":{"Tiempo de lectura":"1 minuto"},"schema":{"@context":"https:\/\/schema.org","@graph":[{"@type":"WebPage","@id":"https:\/\/gillmanfest.com.ve\/aragua-2023\/franela-gillmanfest-aragua-2023\/","url":"https:\/\/gillmanfest.com.ve\/aragua-2023\/franela-gillmanfest-aragua-2023\/","name":"Franela GILLMANFEST ARAGUA 2023 - GILLMANFEST","isPartOf":{"@id":"https:\/\/gillmanfest.com.ve\/aragua-2023\/#website"},"datePublished":"2022-08-15T15:28:15+00:00","dateModified":"2022-12-01T19:31:58+00:00","description":"Franela GILLMANFEST ARAGUA 2022","breadcrumb":{"@id":"https:\/\/gillmanfest.com.ve\/aragua-2023\/franela-gillmanfest-aragua-2023\/#breadcrumb"},"inLanguage":"es","potentialAction":[{"@type":"ReadAction","target":["https:\/\/gillmanfest.com.ve\/aragua-2023\/franela-gillmanfest-aragua-2023\/"]}]},{"@type":"BreadcrumbList","@id":"https:\/\/gillmanfest.com.ve\/aragua-2023\/franela-gillmanfest-aragua-2023\/#breadcrumb","itemListElement":[{"@type":"ListItem","position":1,"name":"Home","item":"https:\/\/gillmanfest.com.ve\/aragua-2023\/"},{"@type":"ListItem","position":2,"name":"Franela GILLMANFEST ARAGUA 2023"}]},{"@type":"WebSite","@id":"https:\/\/gillmanfest.com.ve\/aragua-2023\/#website","url":"https:\/\/gillmanfest.com.ve\/aragua-2023\/","name":"GILLMANFEST","description":"ARAGUA 2023","publisher":{"@id":"https:\/\/gillmanfest.com.ve\/aragua-2023\/#organization"},"potentialAction":[{"@type":"SearchAction","target":{"@type":"EntryPoint","urlTemplate":"https:\/\/gillmanfest.com.ve\/aragua-2023\/?s={search_term_string}"},"query-input":"required name=search_term_string"}],"inLanguage":"es"},{"@type":"Organization","@id":"https:\/\/gillmanfest.com.ve\/aragua-2023\/#organization","name":"GILLMANFEST","url":"https:\/\/gillmanfest.com.ve\/aragua-2023\/","logo":{"@type":"ImageObject","inLanguage":"es","@id":"https:\/\/gillmanfest.com.ve\/aragua-2023\/#\/schema\/logo\/image\/","url":"https:\/\/gillmanfest.com.ve\/aragua-2023\/wp-content\/uploads\/2022\/11\/cropped-GF-ARAGUA-EXTREMO-2023.png","contentUrl":"https:\/\/gillmanfest.com.ve\/aragua-2023\/wp-content\/uploads\/2022\/11\/cropped-GF-ARAGUA-EXTREMO-2023.png","width":1000,"height":227,"caption":"GILLMANFEST"},"image":{"@id":"https:\/\/gillmanfest.com.ve\/aragua-2023\/#\/schema\/logo\/image\/"}}]}},"_links":{"self":[{"href":"https:\/\/gillmanfest.com.ve\/aragua-2023\/wp-json\/wp\/v2\/pages\/233","targetHints":{"allow":["GET"]}}],"collection":[{"href":"https:\/\/gillmanfest.com.ve\/aragua-2023\/wp-json\/wp\/v2\/pages"}],"about":[{"href":"https:\/\/gillmanfest.com.ve\/aragua-2023\/wp-json\/wp\/v2\/types\/page"}],"author":[{"embeddable":true,"href":"https:\/\/gillmanfest.com.ve\/aragua-2023\/wp-json\/wp\/v2\/users\/1"}],"replies":[{"embeddable":true,"href":"https:\/\/gillmanfest.com.ve\/aragua-2023\/wp-json\/wp\/v2\/comments?post=233"}],"version-history":[{"count":10,"href":"https:\/\/gillmanfest.com.ve\/aragua-2023\/wp-json\/wp\/v2\/pages\/233\/revisions"}],"predecessor-version":[{"id":451,"href":"https:\/\/gillmanfest.com.ve\/aragua-2023\/wp-json\/wp\/v2\/pages\/233\/revisions\/451"}],"wp:attachment":[{"href":"https:\/\/gillmanfest.com.ve\/aragua-2023\/wp-json\/wp\/v2\/media?parent=233"}],"curies":[{"name":"wp","href":"https:\/\/api.w.org\/{rel}","templated":true}]}}